{"id":1500,"date":"2025-12-22T20:50:59","date_gmt":"2025-12-22T20:50:59","guid":{"rendered":"https:\/\/smartdata.tonytemplates.com\/electrician-v2demo3\/?page_id=1500"},"modified":"2025-12-22T20:51:00","modified_gmt":"2025-12-22T20:51:00","slug":"sss","status":"publish","type":"page","link":"https:\/\/ahtapotelektrik.com\/index.php\/sss\/","title":{"rendered":"SSS"},"content":{"rendered":"\t\t<div data-elementor-type=\"wp-page\" data-elementor-id=\"1500\" class=\"elementor elementor-1500\">\n\t\t\t\t\t\t<section class=\"elementor-section elementor-top-section elementor-element elementor-element-f6ce48a elementor-section-stretched elementor-section-full_width elementor-section-height-default elementor-section-height-default\" data-id=\"f6ce48a\" data-element_type=\"section\" data-e-type=\"section\" data-settings=\"{&quot;stretch_section&quot;:&quot;section-stretched&quot;}\">\n\t\t\t\t\t\t<div class=\"elementor-container elementor-column-gap-no\">\n\t\t\t\t\t<div class=\"elementor-column elementor-col-100 elementor-top-column elementor-element elementor-element-fac15be\" data-id=\"fac15be\" data-element_type=\"column\" data-e-type=\"column\">\n\t\t\t<div class=\"elementor-widget-wrap\">\n\t\t\t\t\t\t\t<\/div>\n\t\t<\/div>\n\t\t\t\t\t<\/div>\n\t\t<\/section>\n\t\t\t\t<section class=\"elementor-section elementor-top-section elementor-element elementor-element-37e9243 elementor-section-stretched elementor-section-full_width elementor-section-height-default elementor-section-height-default\" data-id=\"37e9243\" data-element_type=\"section\" data-e-type=\"section\" data-settings=\"{&quot;stretch_section&quot;:&quot;section-stretched&quot;}\">\n\t\t\t\t\t\t<div class=\"elementor-container elementor-column-gap-no\">\n\t\t\t\t\t<div class=\"elementor-column elementor-col-100 elementor-top-column elementor-element elementor-element-8cad441\" data-id=\"8cad441\" data-element_type=\"column\" data-e-type=\"column\">\n\t\t\t<div class=\"elementor-widget-wrap elementor-element-populated\">\n\t\t\t\t\t\t<div class=\"elementor-element elementor-element-3ba7846 elementor-widget elementor-widget-elec_faqs\" data-id=\"3ba7846\" data-element_type=\"widget\" data-e-type=\"widget\" data-widget_type=\"elec_faqs.default\">\n\t\t\t\t<div class=\"elementor-widget-container\">\n\t\t\t\t\t\t\t\t\t\t\t<div class=\"section-indent\">\r\n\t\t\t\t\t<div class=\"container container-md-fluid\">\r\n\t\t\t\t\t\t<div class=\"section-title max-width-01\">\r\n\t\t\t\t\t\t\t<div class=\"section-title__01\">S\u0131k\u00e7a Sorulan Sorular<\/div>\r\n\t\t\t\t\t\t\t<div class=\"section-title__02\">Sorular\u0131n\u0131z ve Cevaplar\u0131<\/div>\r\n\t\t\t\t\t\t\t<div class=\"section-title__03\">\r\n\t\t\t\t\t\t\tElektrikle ilgili Ahtapot Elektrik'e gelen sorular\u0131n derlenmi\u015f ve cevap verilmi\u015f halini a\u015fa\u011f\u0131da g\u00f6rebilirsiniz. Varsa sorular\u0131n\u0131z a\u015fa\u011f\u0131daki ileti\u015fim formunu doldurarak sorular\u0131n\u0131z\u0131 bize iletebilirsiniz.\t\t\t\t\t\t\t<\/div>\r\n\t\t\t\t\t\t<\/div>\r\n\t\t\t\t\t\t<div class=\"row tt-faq\">\r\n\t\t\t\t\t\t\t<div class=\"col-md-6\">\r\n\t\t\t\t\t\t\t\t<div class=\"js-accordeon\">\r\n\t\t\t\t\t\t\t\t\t\t\t\t\t\t\t\t\t<div class=\"tt-item\">\r\n\t\t\t\t\t\t\t\t\t\t<div class=\"tt-item__marker\"><\/div>\r\n\t\t\t\t\t\t\t\t\t\t<div class=\"tt-item__title\">1. Hangi elektrik hizmetlerini sunuyorsunuz?<\/div>\r\n\t\t\t\t\t\t\t\t\t\t<div class=\"tt-item__content\">\r\n\t\t\t\t\t\t\t\t\t\tKonut ve i\u015f yerleri i\u00e7in elektrik tesisat\u0131, ar\u0131za onar\u0131m\u0131, ayd\u0131nlatma sistemleri, sigorta\u2013pano i\u015flemleri, priz\u2013anahtar montaj\u0131 ve acil elektrik\u00e7i hizmetleri sunuyoruz.\t\t\t\t\t\t\t\t\t\t<\/div>\r\n\t\t\t\t\t\t\t\t\t<\/div>\r\n\t\t\t\t\t\t\t\t\t\t\t\t\t\t\t\t\t\t<div class=\"tt-item\">\r\n\t\t\t\t\t\t\t\t\t\t<div class=\"tt-item__marker\"><\/div>\r\n\t\t\t\t\t\t\t\t\t\t<div class=\"tt-item__title\">2. Acil elektrik\u00e7i hizmetiniz var m\u0131?<\/div>\r\n\t\t\t\t\t\t\t\t\t\t<div class=\"tt-item__content\">\r\n\t\t\t\t\t\t\t\t\t\tEvet. Elektrik kesintisi, sigorta atmas\u0131, k\u0131sa devre ve ani ar\u0131zalar i\u00e7in acil elektrik\u00e7i hizmeti sa\u011fl\u0131yoruz. En k\u0131sa s\u00fcrede adresinize ula\u015f\u0131yoruz.\t\t\t\t\t\t\t\t\t\t<\/div>\r\n\t\t\t\t\t\t\t\t\t<\/div>\r\n\t\t\t\t\t\t\t\t\t\t\t\t\t\t\t\t\t\t<div class=\"tt-item\">\r\n\t\t\t\t\t\t\t\t\t\t<div class=\"tt-item__marker\"><\/div>\r\n\t\t\t\t\t\t\t\t\t\t<div class=\"tt-item__title\">3. Hizmet verdi\u011finiz b\u00f6lgeler nereler?<\/div>\r\n\t\t\t\t\t\t\t\t\t\t<div class=\"tt-item__content\">\r\n\t\t\t\t\t\t\t\t\t\tBulundu\u011fumuz \u015fehir ve \u00e7evresindeki t\u00fcm semtlere hizmet veriyoruz. Detayl\u0131 bilgi i\u00e7in bizimle ileti\u015fime ge\u00e7ebilirsiniz.\t\t\t\t\t\t\t\t\t\t<\/div>\r\n\t\t\t\t\t\t\t\t\t<\/div>\r\n\t\t\t\t\t\t\t\t\t\t\t\t\t\t\t\t\t\t<div class=\"tt-item\">\r\n\t\t\t\t\t\t\t\t\t\t<div class=\"tt-item__marker\"><\/div>\r\n\t\t\t\t\t\t\t\t\t\t<div class=\"tt-item__title\">4. Ke\u015fif \u00fccretsiz mi?<\/div>\r\n\t\t\t\t\t\t\t\t\t\t<div class=\"tt-item__content\">\r\n\t\t\t\t\t\t\t\t\t\tEvet, \u00e7o\u011fu i\u015flem i\u00e7in \u00fccretsiz ke\u015fif hizmeti sunuyoruz. Yap\u0131lacak i\u015f netle\u015ftikten sonra fiyat bilgisi payla\u015f\u0131yoruz.\t\t\t\t\t\t\t\t\t\t<\/div>\r\n\t\t\t\t\t\t\t\t\t<\/div>\r\n\t\t\t\t\t\t\t\t\t\t\t\t\t\t\t\t\t\t<div class=\"tt-item\">\r\n\t\t\t\t\t\t\t\t\t\t<div class=\"tt-item__marker\"><\/div>\r\n\t\t\t\t\t\t\t\t\t\t<div class=\"tt-item__title\">5. Fiyatlar nas\u0131l belirleniyor?<\/div>\r\n\t\t\t\t\t\t\t\t\t\t<div class=\"tt-item__content\">\r\n\t\t\t\t\t\t\t\t\t\tFiyatlar; yap\u0131lacak i\u015fin kapsam\u0131na, kullan\u0131lacak malzemeye ve i\u015f s\u00fcresine g\u00f6re belirlenir. S\u00fcrpriz maliyet olmadan, net ve \u015feffaf fiyatland\u0131rma yap\u0131l\u0131r.\t\t\t\t\t\t\t\t\t\t<\/div>\r\n\t\t\t\t\t\t\t\t\t<\/div>\r\n\t\t\t\t\t\t\t\t\t\t\t\t\t\t\t\t\t\t<div class=\"tt-item\">\r\n\t\t\t\t\t\t\t\t\t\t<div class=\"tt-item__marker\"><\/div>\r\n\t\t\t\t\t\t\t\t\t\t<div class=\"tt-item__title\">6. Malzemeli mi \u00e7al\u0131\u015f\u0131yorsunuz?<\/div>\r\n\t\t\t\t\t\t\t\t\t\t<div class=\"tt-item__content\">\r\n\t\t\t\t\t\t\t\t\t\tTalebe g\u00f6re malzemeli veya sadece i\u015f\u00e7ilik \u015feklinde \u00e7al\u0131\u015f\u0131yoruz. Kulland\u0131\u011f\u0131m\u0131z t\u00fcm malzemeler kaliteli ve garantilidir.\t\t\t\t\t\t\t\t\t\t<\/div>\r\n\t\t\t\t\t\t\t\t\t<\/div>\r\n\t\t\t\t\t\t\t\t\t\t\t\t\t\t\t\t\t\t<div class=\"tt-item\">\r\n\t\t\t\t\t\t\t\t\t\t<div class=\"tt-item__marker\"><\/div>\r\n\t\t\t\t\t\t\t\t\t\t<div class=\"tt-item__title\">7. Elektrik ar\u0131zalar\u0131na ne kadar s\u00fcrede geliyorsunuz?<\/div>\r\n\t\t\t\t\t\t\t\t\t\t<div class=\"tt-item__content\">\r\n\t\t\t\t\t\t\t\t\t\tAcil durumlarda m\u00fcmk\u00fcn olan en k\u0131sa s\u00fcrede, di\u011fer i\u015flemlerde ise randevu saatine uygun \u015fekilde adresinize geliyoruz.\t\t\t\t\t\t\t\t\t\t<\/div>\r\n\t\t\t\t\t\t\t\t\t<\/div>\r\n\t\t\t\t\t\t\t\t\t\t\t\t\t\t\t\t\t\t<div class=\"tt-item\">\r\n\t\t\t\t\t\t\t\t\t\t<div class=\"tt-item__marker\"><\/div>\r\n\t\t\t\t\t\t\t\t\t\t<div class=\"tt-item__title\">8. Yap\u0131lan i\u015flemler garantili mi?<\/div>\r\n\t\t\t\t\t\t\t\t\t\t<div class=\"tt-item__content\">\r\n\t\t\t\t\t\t\t\t\t\tEvet. Yap\u0131lan i\u015f\u00e7ilik ve kullan\u0131lan malzemeler i\u00e7in garanti veriyoruz. M\u00fc\u015fteri memnuniyeti bizim i\u00e7in \u00f6nceliktir.\t\t\t\t\t\t\t\t\t\t<\/div>\r\n\t\t\t\t\t\t\t\t\t<\/div>\r\n\t\t\t\t\t\t\t\t\t\t\t\t\t\t\t\t\t\t<div class=\"tt-item\">\r\n\t\t\t\t\t\t\t\t\t\t<div class=\"tt-item__marker\"><\/div>\r\n\t\t\t\t\t\t\t\t\t\t<div class=\"tt-item__title\">9. \u0130\u015f yerleri ve ticari alanlara hizmet veriyor musunuz?<\/div>\r\n\t\t\t\t\t\t\t\t\t\t<div class=\"tt-item__content\">\r\n\t\t\t\t\t\t\t\t\t\t\t\t\tEvet. Ofis, ma\u011faza, d\u00fckkan ve di\u011fer ticari alanlar i\u00e7in profesyonel elektrik hizmetleri sunuyoruz.\t\t\t\t\t\t\t\t\t\t\t\t\t\t\t\t<\/div>\r\n\t\t\t\t\t\t\t\t\t<\/div>\r\n\t\t\t\t\t\t\t\t\t\t\t\t\t\t\t\t\t<\/div> \r\n\t\t\t\t\t\t\t<\/div>\r\n\t\t\t\t\t\t\t<div class=\"col-md-6\">\r\n\t\t\t\t\t\t\t\t<div class=\"js-accordeon\">\r\n\t\t\t\t\t\t\t\t\t\t\t\t\t\t\t\t\t<div class=\"tt-item\">\r\n\t\t\t\t\t\t\t\t\t\t<div class=\"tt-item__marker\"><\/div>\r\n\t\t\t\t\t\t\t\t\t\t<div class=\"tt-item__title\">15. Ka\u00e7ak ak\u0131m r\u00f6lesi montaj\u0131 yap\u0131yor musunuz?<\/div>\r\n\t\t\t\t\t\t\t\t\t\t<div class=\"tt-item__content\">\r\n\t\t\t\t\t\t\t\t\t\tEvet. Can ve mal g\u00fcvenli\u011fi i\u00e7in ka\u00e7ak ak\u0131m r\u00f6lesi montaj\u0131, kontrol\u00fc ve de\u011fi\u015fimi hizmeti sunuyoruz.\t\t\t\t\t\t\t\t\t\t<\/div>\r\n\t\t\t\t\t\t\t\t\t<\/div>\r\n\t\t\t\t\t\t\t\t\t\t\t\t\t\t\t\t\t\t\t<div class=\"tt-item\">\r\n\t\t\t\t\t\t\t\t\t\t<div class=\"tt-item__marker\"><\/div>\r\n\t\t\t\t\t\t\t\t\t\t<div class=\"tt-item__title\">13. Elektrik tesisat\u0131 y\u00f6netmeliklere uygun mu yap\u0131l\u0131yor?<\/div>\r\n\t\t\t\t\t\t\t\t\t\t<div class=\"tt-item__content\">\r\n\t\t\t\t\t\t\t\t\t\tEvet. T\u00fcm elektrik i\u015fleri g\u00fcncel elektrik tesisat\u0131 y\u00f6netmeliklerine ve g\u00fcvenlik standartlar\u0131na uygun \u015fekilde yap\u0131lmaktad\u0131r.\t\t\t\t\t\t\t\t\t\t<\/div>\r\n\t\t\t\t\t\t\t\t\t<\/div>\r\n\t\t\t\t\t\t\t\t\t\t\t\t\t\t\t\t\t\t\t<div class=\"tt-item\">\r\n\t\t\t\t\t\t\t\t\t\t<div class=\"tt-item__marker\"><\/div>\r\n\t\t\t\t\t\t\t\t\t\t<div class=\"tt-item__title\">16. Ayd\u0131nlatma projelendirme ve montaj hizmetiniz var m\u0131?<\/div>\r\n\t\t\t\t\t\t\t\t\t\t<div class=\"tt-item__content\">\r\n\t\t\t\t\t\t\t\t\t\tEvet. \u0130\u00e7 ve d\u0131\u015f mek\u00e2nlar i\u00e7in estetik, tasarruflu ve ihtiyaca uygun ayd\u0131nlatma \u00e7\u00f6z\u00fcmleri sunuyoruz.\t\t\t\t\t\t\t\t\t\t<\/div>\r\n\t\t\t\t\t\t\t\t\t<\/div>\r\n\t\t\t\t\t\t\t\t\t\t\t\t\t\t\t\t\t\t\t<div class=\"tt-item\">\r\n\t\t\t\t\t\t\t\t\t\t<div class=\"tt-item__marker\"><\/div>\r\n\t\t\t\t\t\t\t\t\t\t<div class=\"tt-item__title\">10. Eski elektrik tesisatlar\u0131n\u0131 yeniliyor musunuz?<\/div>\r\n\t\t\t\t\t\t\t\t\t\t<div class=\"tt-item__content\">\r\n\t\t\t\t\t\t\t\t\t\tEvet. Eski, y\u0131pranm\u0131\u015f veya riskli tesisatlar\u0131 g\u00fcncel y\u00f6netmeliklere uygun \u015fekilde yeniliyoruz.\t\t\t\t\t\t\t\t\t\t\t\t\t\t<\/div>\r\n\t\t\t\t\t\t\t\t\t<\/div>\r\n\t\t\t\t\t\t\t\t\t\t\t\t\t\t\t\t\t\t\t<div class=\"tt-item\">\r\n\t\t\t\t\t\t\t\t\t\t<div class=\"tt-item__marker\"><\/div>\r\n\t\t\t\t\t\t\t\t\t\t<div class=\"tt-item__title\">14. Gece veya hafta sonu hizmet veriyor musunuz?<\/div>\r\n\t\t\t\t\t\t\t\t\t\t<div class=\"tt-item__content\">\r\n\t\t\t\t\t\t\t\t\t\tAcil durumlar i\u00e7in gece ve hafta sonu dahil olmak \u00fczere hizmet vermekteyiz. Uygunluk durumuna g\u00f6re h\u0131zl\u0131 destek sa\u011fl\u0131yoruz.\t\t\t\t\t\t\t\t\t\t<\/div>\r\n\t\t\t\t\t\t\t\t\t<\/div>\r\n\t\t\t\t\t\t\t\t\t\t\t\t\t\t\t\t\t\t\t<div class=\"tt-item\">\r\n\t\t\t\t\t\t\t\t\t\t<div class=\"tt-item__marker\"><\/div>\r\n\t\t\t\t\t\t\t\t\t\t<div class=\"tt-item__title\">11. Nas\u0131l randevu alabilirim?<\/div>\r\n\t\t\t\t\t\t\t\t\t\t<div class=\"tt-item__content\">\r\n\t\t\t\t\t\t\t\t\t\tTelefon, WhatsApp veya web sitemizdeki ileti\u015fim formu \u00fczerinden kolayca randevu olu\u015fturabilirsiniz.\t\t\t\t\t\t\t\t\t\t<\/div>\r\n\t\t\t\t\t\t\t\t\t<\/div>\r\n\t\t\t\t\t\t\t\t\t\t\t\t\t\t\t\t\t\t\t<div class=\"tt-item\">\r\n\t\t\t\t\t\t\t\t\t\t<div class=\"tt-item__marker\"><\/div>\r\n\t\t\t\t\t\t\t\t\t\t<div class=\"tt-item__title\">12. Neden sizi tercih etmeliyim?<\/div>\r\n\t\t\t\t\t\t\t\t\t\t<div class=\"tt-item__content\">\r\n\t\t\t\t\t\t\t\t\t\tDeneyimli kadro, h\u0131zl\u0131 m\u00fcdahale, \u015feffaf fiyatland\u0131rma ve garantili i\u015f\u00e7ilik ile g\u00fcvenilir elektrik\u00e7i hizmeti sunuyoruz.\t\t\t\t\t\t\t\t\t\t<\/div>\r\n\t\t\t\t\t\t\t\t\t<\/div>\r\n\t\t\t\t\t\t\t\t\t\t\t\t\t\t\t\t\t\t\t<div class=\"tt-item\">\r\n\t\t\t\t\t\t\t\t\t\t<div class=\"tt-item__marker\"><\/div>\r\n\t\t\t\t\t\t\t\t\t\t<div class=\"tt-item__title\">17. Elektrik ar\u0131zas\u0131 yang\u0131na sebep olur mu?<\/div>\r\n\t\t\t\t\t\t\t\t\t\t<div class=\"tt-item__content\">\r\n\t\t\t\t\t\t\t\t\t\tUygun olmayan tesisat ve m\u00fcdahaleler ciddi yang\u0131n risklerine yol a\u00e7abilir. Bu nedenle ar\u0131zalara profesyonel m\u00fcdahale edilmesi \u00f6nemlidir.\t\t\t\t\t\t\t\t\t\t<\/div>\r\n\t\t\t\t\t\t\t\t\t<\/div>\r\n\t\t\t\t\t\t\t\t\t\t\t\t\t\t\t\t\t\t\t<div class=\"tt-item\">\r\n\t\t\t\t\t\t\t\t\t\t<div class=\"tt-item__marker\"><\/div>\r\n\t\t\t\t\t\t\t\t\t\t<div class=\"tt-item__title\">18. \u0130\u015f bitiminde temizlik yap\u0131l\u0131yor mu?<\/div>\r\n\t\t\t\t\t\t\t\t\t\t<div class=\"tt-item__content\">\r\n\t\t\t\t\t\t\t\t\t\tEvet. Yap\u0131lan i\u015flem sonras\u0131nda \u00e7al\u0131\u015fma alan\u0131 temiz b\u0131rak\u0131l\u0131r ve d\u00fczenli \u015fekilde teslim edilir.\t\t\t\t\t\t\t\t\t\t<\/div>\r\n\t\t\t\t\t\t\t\t\t<\/div>\r\n\t\t\t\t\t\t\t\t\t\t\t\t\t\t\t\t\t\t<\/div> \r\n\t\t\t\t\t\t\t<\/div>\r\n\r\n\t\t\t\t\t\t<\/div>\r\n\t\t\t\t\t<\/div>\r\n\t\t\t\t<\/div>\r\n\t\t\t\t\t\t\t\t<\/div>\n\t\t\t\t<\/div>\n\t\t\t\t<div class=\"elementor-element elementor-element-54d969d elementor-widget elementor-widget-electrician_contact_form\" data-id=\"54d969d\" data-element_type=\"widget\" data-e-type=\"widget\" data-widget_type=\"electrician_contact_form.default\">\n\t\t\t\t<div class=\"elementor-widget-container\">\n\t\t\t\t\t <div class=\"section-indent\">\r\n\t<div class=\"container container-md-fluid\">\r\n\t\t<div class=\"section-title max-width-01\">\r\n\t\t\t<div class=\"section-title__01\">Elektrik Sorular\u0131n\u0131z \u0130\u00e7in Bize Yaz\u0131n<\/div>\r\n\t\t\t<div class=\"section-title__02\">Sorusu olan var m\u0131?<\/div>\r\n\t\t\t\t\t<div class=\"section-title__03\">\r\n\t\t\tElektrik tesisat\u0131, acil elektrik\u00e7i ve ev-i\u015f yeri elektrik sorunlar\u0131yla ilgili t\u00fcm sorular\u0131n\u0131z\u0131 a\u015fa\u011f\u0131daki form \u00fczerinden bize iletebilirsiniz. Deneyimli elektrik\u00e7i ekibimiz size h\u0131zl\u0131 ve do\u011fru \u00e7\u00f6z\u00fcmler sunar.\t\t\t<\/div>\r\n\t\t\t\t<\/div>\r\n\t\t<div class=\"row justify-content-center\">\r\n\t\t\t<div class=\"col-md-8\">\r\n\t\t\n<div class=\"wpcf7 no-js\" id=\"wpcf7-f2261-o1\" lang=\"en-US\" dir=\"ltr\" data-wpcf7-id=\"2261\">\n<div class=\"screen-reader-response\"><p role=\"status\" aria-live=\"polite\" aria-atomic=\"true\"><\/p> <ul><\/ul><\/div>\n<form action=\"\/index.php\/wp-json\/wp\/v2\/pages\/1500#wpcf7-f2261-o1\" method=\"post\" class=\"wpcf7-form init\" aria-label=\"Contact form\" novalidate=\"novalidate\" data-status=\"init\">\n<fieldset class=\"hidden-fields-container\"><input type=\"hidden\" name=\"_wpcf7\" value=\"2261\" \/><input type=\"hidden\" name=\"_wpcf7_version\" value=\"6.1.5\" \/><input type=\"hidden\" name=\"_wpcf7_locale\" value=\"en_US\" \/><input type=\"hidden\" name=\"_wpcf7_unit_tag\" value=\"wpcf7-f2261-o1\" \/><input type=\"hidden\" name=\"_wpcf7_container_post\" value=\"0\" \/><input type=\"hidden\" name=\"_wpcf7_posted_data_hash\" value=\"\" \/>\n<\/fieldset>\n<div class=\"form-default\">\n\t<div class=\"form-group\">\n\t\t<p><span class=\"wpcf7-form-control-wrap\" data-name=\"your-name\"><input size=\"40\" maxlength=\"400\" class=\"wpcf7-form-control wpcf7-text wpcf7-validates-as-required form-control\" aria-required=\"true\" aria-invalid=\"false\" placeholder=\"Ad\u0131n\u0131z Soyad\u0131n\u0131z *\" value=\"\" type=\"text\" name=\"your-name\" \/><\/span>\n\t\t<\/p>\n\t<\/div>\n\t<div class=\"row\">\n\t\t<div class=\"col-md-6\">\n\t\t\t<div class=\"form-group\">\n\t\t\t\t<p><span class=\"wpcf7-form-control-wrap\" data-name=\"your-email\"><input size=\"40\" maxlength=\"400\" class=\"wpcf7-form-control wpcf7-email wpcf7-validates-as-required wpcf7-text wpcf7-validates-as-email form-control\" aria-required=\"true\" aria-invalid=\"false\" placeholder=\"E-posta Adresiniz *\" value=\"\" type=\"email\" name=\"your-email\" \/><\/span>\n\t\t\t\t<\/p>\n\t\t\t<\/div>\n\t\t<\/div>\n\t\t<div class=\"col-md-6\">\n\t\t\t<div class=\"form-group\">\n\t\t\t\t<p><span class=\"wpcf7-form-control-wrap\" data-name=\"your-phone\"><input size=\"40\" maxlength=\"400\" class=\"wpcf7-form-control wpcf7-text wpcf7-validates-as-required form-control\" aria-required=\"true\" aria-invalid=\"false\" placeholder=\"Telefon Numaran\u0131z\" value=\"\" type=\"text\" name=\"your-phone\" \/><\/span>\n\t\t\t\t<\/p>\n\t\t\t<\/div>\n\t\t<\/div>\n\t<\/div>\n\t<div class=\"form-group\">\n\t\t<p><span class=\"wpcf7-form-control-wrap\" data-name=\"your-message\"><textarea cols=\"40\" rows=\"4\" maxlength=\"2000\" class=\"wpcf7-form-control wpcf7-textarea form-control\" aria-invalid=\"false\" placeholder=\"Sorunuzu Buradan \u0130letiniz *\" name=\"your-message\"><\/textarea><\/span>\n\t\t<\/p>\n\t<\/div>\n\t<div class=\"form-group\">\n\t\t<div class=\"tt-notes text-center\">\n\t\t\t<p>T\u00fcm Elektrik \u0130\u015flerinizi Sertifikal\u0131 Elektrik\u00e7ileriyle Ahtapot Elektrik Halleder..\n\t\t\t<\/p>\n\t\t<\/div>\n\t<\/div>\n\t<div class=\"form-group text-center\">\n\t\t<p><button class=\"tt-btn btn__color01 wpcf7-form-control wpcf7-submit\" type=\"submit\"><span class=\"icon-lightning\"><\/span>Sorunuzu \u0130letin!<\/button>\n\t\t<\/p>\n\t<\/div>\n<\/div><p style=\"display: none !important;\" class=\"akismet-fields-container\" data-prefix=\"_wpcf7_ak_\"><label>&#916;<textarea name=\"_wpcf7_ak_hp_textarea\" cols=\"45\" rows=\"8\" maxlength=\"100\"><\/textarea><\/label><input type=\"hidden\" id=\"ak_js_1\" name=\"_wpcf7_ak_js\" value=\"81\"\/><script>document.getElementById( \"ak_js_1\" ).setAttribute( \"value\", ( new Date() ).getTime() );<\/script><\/p><div class=\"wpcf7-response-output\" aria-hidden=\"true\"><\/div>\n<\/form>\n<\/div>\n\t\t\t<\/div>\r\n\t\t<\/div>\r\n\t<\/div>\r\n<\/div> \r\n\t\t\t\t\t\t<\/div>\n\t\t\t\t<\/div>\n\t\t\t\t\t<\/div>\n\t\t<\/div>\n\t\t\t\t\t<\/div>\n\t\t<\/section>\n\t\t\t\t<\/div>\n\t\t","protected":false},"excerpt":{"rendered":"<p>S\u0131k\u00e7a Sorulan Sorular Sorular\u0131n\u0131z ve Cevaplar\u0131 Elektrikle ilgili Ahtapot Elektrik&#8217;e gelen sorular\u0131n derlenmi\u015f ve cevap verilmi\u015f halini a\u015fa\u011f\u0131da g\u00f6rebilirsiniz. Varsa sorular\u0131n\u0131z a\u015fa\u011f\u0131daki ileti\u015fim formunu doldurarak sorular\u0131n\u0131z\u0131 bize iletebilirsiniz. 1. Hangi elektrik hizmetlerini sunuyorsunuz? Konut ve i\u015f yerleri i\u00e7in elektrik tesisat\u0131, ar\u0131za onar\u0131m\u0131, ayd\u0131nlatma sistemleri, sigorta\u2013pano i\u015flemleri, priz\u2013anahtar montaj\u0131 ve acil elektrik\u00e7i hizmetleri sunuyoruz. 2. Acil [&hellip;]<\/p>\n","protected":false},"author":1,"featured_media":0,"parent":0,"menu_order":0,"comment_status":"closed","ping_status":"closed","template":"","meta":{"footnotes":""},"class_list":["post-1500","page","type-page","status-publish","hentry"],"yoast_head":"<!-- This site is optimized with the Yoast SEO plugin v27.2 - https:\/\/yoast.com\/product\/yoast-seo-wordpress\/ -->\n<title>SSS - AhtapotElektrik<\/title>\n<meta name=\"robots\" content=\"index, follow, max-snippet:-1, max-image-preview:large, max-video-preview:-1\" \/>\n<link rel=\"canonical\" href=\"https:\/\/ahtapotelektrik.com\/index.php\/sss\/\" \/>\n<meta property=\"og:locale\" content=\"tr_TR\" \/>\n<meta property=\"og:type\" content=\"article\" \/>\n<meta property=\"og:title\" content=\"SSS - AhtapotElektrik\" \/>\n<meta property=\"og:description\" content=\"S\u0131k\u00e7a Sorulan Sorular Sorular\u0131n\u0131z ve Cevaplar\u0131 Elektrikle ilgili Ahtapot Elektrik&#8217;e gelen sorular\u0131n derlenmi\u015f ve cevap verilmi\u015f halini a\u015fa\u011f\u0131da g\u00f6rebilirsiniz. Varsa sorular\u0131n\u0131z a\u015fa\u011f\u0131daki ileti\u015fim formunu doldurarak sorular\u0131n\u0131z\u0131 bize iletebilirsiniz. 1. Hangi elektrik hizmetlerini sunuyorsunuz? Konut ve i\u015f yerleri i\u00e7in elektrik tesisat\u0131, ar\u0131za onar\u0131m\u0131, ayd\u0131nlatma sistemleri, sigorta\u2013pano i\u015flemleri, priz\u2013anahtar montaj\u0131 ve acil elektrik\u00e7i hizmetleri sunuyoruz. 2. Acil [&hellip;]\" \/>\n<meta property=\"og:url\" content=\"https:\/\/ahtapotelektrik.com\/index.php\/sss\/\" \/>\n<meta property=\"og:site_name\" content=\"AhtapotElektrik\" \/>\n<meta property=\"article:modified_time\" content=\"2025-12-22T20:51:00+00:00\" \/>\n<meta name=\"twitter:card\" content=\"summary_large_image\" \/>\n<meta name=\"twitter:label1\" content=\"Tahmini okuma s\u00fcresi\" \/>\n\t<meta name=\"twitter:data1\" content=\"3 dakika\" \/>\n<script type=\"application\/ld+json\" class=\"yoast-schema-graph\">{\"@context\":\"https:\/\/schema.org\",\"@graph\":[{\"@type\":\"WebPage\",\"@id\":\"https:\/\/ahtapotelektrik.com\/index.php\/sss\/\",\"url\":\"https:\/\/ahtapotelektrik.com\/index.php\/sss\/\",\"name\":\"SSS - AhtapotElektrik\",\"isPartOf\":{\"@id\":\"https:\/\/ahtapotelektrik.com\/#website\"},\"datePublished\":\"2025-12-22T20:50:59+00:00\",\"dateModified\":\"2025-12-22T20:51:00+00:00\",\"breadcrumb\":{\"@id\":\"https:\/\/ahtapotelektrik.com\/index.php\/sss\/#breadcrumb\"},\"inLanguage\":\"tr\",\"potentialAction\":[{\"@type\":\"ReadAction\",\"target\":[\"https:\/\/ahtapotelektrik.com\/index.php\/sss\/\"]}]},{\"@type\":\"BreadcrumbList\",\"@id\":\"https:\/\/ahtapotelektrik.com\/index.php\/sss\/#breadcrumb\",\"itemListElement\":[{\"@type\":\"ListItem\",\"position\":1,\"name\":\"Anasayfa\",\"item\":\"https:\/\/ahtapotelektrik.com\/\"},{\"@type\":\"ListItem\",\"position\":2,\"name\":\"SSS\"}]},{\"@type\":\"WebSite\",\"@id\":\"https:\/\/ahtapotelektrik.com\/#website\",\"url\":\"https:\/\/ahtapotelektrik.com\/\",\"name\":\"AhtapotElektrik\",\"description\":\"Her Koldan Enerjimiz Tam!\",\"potentialAction\":[{\"@type\":\"SearchAction\",\"target\":{\"@type\":\"EntryPoint\",\"urlTemplate\":\"https:\/\/ahtapotelektrik.com\/?s={search_term_string}\"},\"query-input\":{\"@type\":\"PropertyValueSpecification\",\"valueRequired\":true,\"valueName\":\"search_term_string\"}}],\"inLanguage\":\"tr\"}]}<\/script>\n<!-- \/ Yoast SEO plugin. -->","yoast_head_json":{"title":"SSS - AhtapotElektrik","robots":{"index":"index","follow":"follow","max-snippet":"max-snippet:-1","max-image-preview":"max-image-preview:large","max-video-preview":"max-video-preview:-1"},"canonical":"https:\/\/ahtapotelektrik.com\/index.php\/sss\/","og_locale":"tr_TR","og_type":"article","og_title":"SSS - AhtapotElektrik","og_description":"S\u0131k\u00e7a Sorulan Sorular Sorular\u0131n\u0131z ve Cevaplar\u0131 Elektrikle ilgili Ahtapot Elektrik&#8217;e gelen sorular\u0131n derlenmi\u015f ve cevap verilmi\u015f halini a\u015fa\u011f\u0131da g\u00f6rebilirsiniz. Varsa sorular\u0131n\u0131z a\u015fa\u011f\u0131daki ileti\u015fim formunu doldurarak sorular\u0131n\u0131z\u0131 bize iletebilirsiniz. 1. Hangi elektrik hizmetlerini sunuyorsunuz? Konut ve i\u015f yerleri i\u00e7in elektrik tesisat\u0131, ar\u0131za onar\u0131m\u0131, ayd\u0131nlatma sistemleri, sigorta\u2013pano i\u015flemleri, priz\u2013anahtar montaj\u0131 ve acil elektrik\u00e7i hizmetleri sunuyoruz. 2. Acil [&hellip;]","og_url":"https:\/\/ahtapotelektrik.com\/index.php\/sss\/","og_site_name":"AhtapotElektrik","article_modified_time":"2025-12-22T20:51:00+00:00","twitter_card":"summary_large_image","twitter_misc":{"Tahmini okuma s\u00fcresi":"3 dakika"},"schema":{"@context":"https:\/\/schema.org","@graph":[{"@type":"WebPage","@id":"https:\/\/ahtapotelektrik.com\/index.php\/sss\/","url":"https:\/\/ahtapotelektrik.com\/index.php\/sss\/","name":"SSS - AhtapotElektrik","isPartOf":{"@id":"https:\/\/ahtapotelektrik.com\/#website"},"datePublished":"2025-12-22T20:50:59+00:00","dateModified":"2025-12-22T20:51:00+00:00","breadcrumb":{"@id":"https:\/\/ahtapotelektrik.com\/index.php\/sss\/#breadcrumb"},"inLanguage":"tr","potentialAction":[{"@type":"ReadAction","target":["https:\/\/ahtapotelektrik.com\/index.php\/sss\/"]}]},{"@type":"BreadcrumbList","@id":"https:\/\/ahtapotelektrik.com\/index.php\/sss\/#breadcrumb","itemListElement":[{"@type":"ListItem","position":1,"name":"Anasayfa","item":"https:\/\/ahtapotelektrik.com\/"},{"@type":"ListItem","position":2,"name":"SSS"}]},{"@type":"WebSite","@id":"https:\/\/ahtapotelektrik.com\/#website","url":"https:\/\/ahtapotelektrik.com\/","name":"AhtapotElektrik","description":"Her Koldan Enerjimiz Tam!","potentialAction":[{"@type":"SearchAction","target":{"@type":"EntryPoint","urlTemplate":"https:\/\/ahtapotelektrik.com\/?s={search_term_string}"},"query-input":{"@type":"PropertyValueSpecification","valueRequired":true,"valueName":"search_term_string"}}],"inLanguage":"tr"}]}},"_links":{"self":[{"href":"https:\/\/ahtapotelektrik.com\/index.php\/wp-json\/wp\/v2\/pages\/1500","targetHints":{"allow":["GET"]}}],"collection":[{"href":"https:\/\/ahtapotelektrik.com\/index.php\/wp-json\/wp\/v2\/pages"}],"about":[{"href":"https:\/\/ahtapotelektrik.com\/index.php\/wp-json\/wp\/v2\/types\/page"}],"author":[{"embeddable":true,"href":"https:\/\/ahtapotelektrik.com\/index.php\/wp-json\/wp\/v2\/users\/1"}],"replies":[{"embeddable":true,"href":"https:\/\/ahtapotelektrik.com\/index.php\/wp-json\/wp\/v2\/comments?post=1500"}],"version-history":[{"count":7,"href":"https:\/\/ahtapotelektrik.com\/index.php\/wp-json\/wp\/v2\/pages\/1500\/revisions"}],"predecessor-version":[{"id":2935,"href":"https:\/\/ahtapotelektrik.com\/index.php\/wp-json\/wp\/v2\/pages\/1500\/revisions\/2935"}],"wp:attachment":[{"href":"https:\/\/ahtapotelektrik.com\/index.php\/wp-json\/wp\/v2\/media?parent=1500"}],"curies":[{"name":"wp","href":"https:\/\/api.w.org\/{rel}","templated":true}]}}