{"id":2528,"date":"2025-12-22T20:50:12","date_gmt":"2025-12-22T20:50:12","guid":{"rendered":"http:\/\/localhost\/wp-themes\/electrician\/?page_id=14"},"modified":"2025-12-23T14:06:29","modified_gmt":"2025-12-23T14:06:29","slug":"iletisim","status":"publish","type":"page","link":"https:\/\/ahtapotelektrik.com\/index.php\/iletisim\/","title":{"rendered":"\u0130leti\u015fim"},"content":{"rendered":"\t\t<div data-elementor-type=\"wp-page\" data-elementor-id=\"2528\" class=\"elementor elementor-2528\">\n\t\t\t\t\t\t<section class=\"elementor-section elementor-top-section elementor-element elementor-element-d184240 elementor-section-stretched elementor-section-full_width elementor-section-height-default elementor-section-height-default\" data-id=\"d184240\" data-element_type=\"section\" data-e-type=\"section\" data-settings=\"{&quot;stretch_section&quot;:&quot;section-stretched&quot;}\">\n\t\t\t\t\t\t<div class=\"elementor-container elementor-column-gap-no\">\n\t\t\t\t\t<div class=\"elementor-column elementor-col-100 elementor-top-column elementor-element elementor-element-e5199d1\" data-id=\"e5199d1\" data-element_type=\"column\" data-e-type=\"column\">\n\t\t\t<div class=\"elementor-widget-wrap\">\n\t\t\t\t\t\t\t<\/div>\n\t\t<\/div>\n\t\t\t\t\t<\/div>\n\t\t<\/section>\n\t\t\t\t<section class=\"elementor-section elementor-top-section elementor-element elementor-element-56b8458 elementor-section-stretched elementor-section-full_width elementor-section-height-default elementor-section-height-default\" data-id=\"56b8458\" data-element_type=\"section\" data-e-type=\"section\" data-settings=\"{&quot;stretch_section&quot;:&quot;section-stretched&quot;}\">\n\t\t\t\t\t\t<div class=\"elementor-container elementor-column-gap-no\">\n\t\t\t\t\t<div class=\"elementor-column elementor-col-100 elementor-top-column elementor-element elementor-element-56c6d90\" data-id=\"56c6d90\" data-element_type=\"column\" data-e-type=\"column\">\n\t\t\t<div class=\"elementor-widget-wrap elementor-element-populated\">\n\t\t\t\t\t\t<div class=\"elementor-element elementor-element-8facb6e elementor-widget elementor-widget-electrician_contact_info\" data-id=\"8facb6e\" data-element_type=\"widget\" data-e-type=\"widget\" data-widget_type=\"electrician_contact_info.default\">\n\t\t\t\t<div class=\"elementor-widget-container\">\n\t\t\t\t\t <div class=\"section-indent-extra\">\r\n\t\t<div class=\"container container-lg-fluid\">\r\n\t\t\t<div class=\"section__wrapper02 tt-contact-wrapper\">\r\n\t\t\t\t<div class=\"row justify-content-center\">\r\n\t\t\t\t \t\t\t\t\t  <div class=\"col-sm-6 col-md-4\">\r\n  <div class=\"tt-contact\">\r\n\t<div class=\"tt-icon\">\r\n\t\t\t\t\t\t<i aria-hidden=\"true\" class=\" icon-map-marker\"><\/i>\t<\/div>\r\n\t<div class=\"tt-content\">\r\n\t  <div class=\"tt-title\">Adres:<\/div>\r\n\t\t\t\t\t\t<address>BA\u015e\u0130SKELE<\/address>\t<\/div>\r\n  <\/div>\r\n<\/div> \t\t\t\t\t  <div class=\"col-sm-6 col-md-4\">\r\n  <div class=\"tt-contact\">\r\n\t<div class=\"tt-icon\">\r\n\t\t\t\t\t\t<i aria-hidden=\"true\" class=\" icon-clock-circular-outline-1\"><\/i>\t<\/div>\r\n\t<div class=\"tt-content\">\r\n\t  <div class=\"tt-title\">\u00c7al\u0131\u015fma Saatleri:<\/div>\r\n\t\t\t\t\t\tPazartesi-Cumartesi 09.00-18.00 <br> Pazar G\u00fcnleri Sadece Acil M\u00fcdahale\t<\/div>\r\n  <\/div>\r\n<\/div> \t\t\t\t\t  <div class=\"col-sm-6 col-md-4\">\r\n  <div class=\"tt-contact\">\r\n\t<div class=\"tt-icon\">\r\n\t\t\t\t\t\t<i aria-hidden=\"true\" class=\" icon-telephone\"><\/i>\t<\/div>\r\n\t<div class=\"tt-content\">\r\n\t  <div class=\"tt-title\">Telefon Numaras\u0131:<\/div>\r\n\t\t\t\t\t\t0551 510 75 93\t\t\t\t\t<\/div>\r\n  <\/div>\r\n<\/div>  \r\n\t\t\t\t\t\t\t\t\t\r\n\t\t\t\t<\/div>\r\n\t\t\t<\/div>\r\n\t\t<\/div>\r\n\t<\/div> \r\n\t\t\t\t\t\t<\/div>\n\t\t\t\t<\/div>\n\t\t\t\t<div class=\"elementor-element elementor-element-f6a15fe elementor-widget elementor-widget-electrician_contact_form\" data-id=\"f6a15fe\" data-element_type=\"widget\" data-e-type=\"widget\" data-widget_type=\"electrician_contact_form.default\">\n\t\t\t\t<div class=\"elementor-widget-container\">\n\t\t\t\t\t <div class=\"section-indent\">\r\n\t<div class=\"container container-md-fluid\">\r\n\t\t<div class=\"section-title max-width-01\">\r\n\t\t\t<div class=\"section-title__01\">Size Ula\u015fal\u0131m<\/div>\r\n\t\t\t<div class=\"section-title__02\">Bizimle \u0130leti\u015fime Ge\u00e7in<\/div>\r\n\t\t\t\t\t<div class=\"section-title__03\">\r\n\t\t\tYard\u0131ma ihtiyac\u0131n\u0131z var ve ne yapaca\u011f\u0131n\u0131z\u0131 bilmiyor musunuz?Enerjiniz d\u00fc\u015fmesin biz sizin i\u00e7in var\u0131z. A\u015fa\u011f\u0131daki formu doldurarak bize ula\u015fabilirsiniz. En g\u00fcvenli ve do\u011fru hizmeti sizlere sunal\u0131m.\t\t\t<\/div>\r\n\t\t\t\t<\/div>\r\n\t\t<div class=\"row justify-content-center\">\r\n\t\t\t<div class=\"col-md-8\">\r\n\t\t\n<div class=\"wpcf7 no-js\" id=\"wpcf7-f2256-o1\" lang=\"en-US\" dir=\"ltr\" data-wpcf7-id=\"2256\">\n<div class=\"screen-reader-response\"><p role=\"status\" aria-live=\"polite\" aria-atomic=\"true\"><\/p> <ul><\/ul><\/div>\n<form action=\"\/index.php\/wp-json\/wp\/v2\/pages\/2528#wpcf7-f2256-o1\" method=\"post\" class=\"wpcf7-form init\" aria-label=\"Contact form\" novalidate=\"novalidate\" data-status=\"init\">\n<fieldset class=\"hidden-fields-container\"><input type=\"hidden\" name=\"_wpcf7\" value=\"2256\" \/><input type=\"hidden\" name=\"_wpcf7_version\" value=\"6.1.5\" \/><input type=\"hidden\" name=\"_wpcf7_locale\" value=\"en_US\" \/><input type=\"hidden\" name=\"_wpcf7_unit_tag\" value=\"wpcf7-f2256-o1\" \/><input type=\"hidden\" name=\"_wpcf7_container_post\" value=\"0\" \/><input type=\"hidden\" name=\"_wpcf7_posted_data_hash\" value=\"\" \/>\n<\/fieldset>\n<div class=\"form-default\">\n\t<div class=\"form-group\">\n\t\t<p><span class=\"wpcf7-form-control-wrap\" data-name=\"your-name\"><input size=\"40\" maxlength=\"400\" class=\"wpcf7-form-control wpcf7-text wpcf7-validates-as-required form-control\" aria-required=\"true\" aria-invalid=\"false\" placeholder=\"Ad\u0131n\u0131z *\" value=\"\" type=\"text\" name=\"your-name\" \/><\/span>\n\t\t<\/p>\n\t<\/div>\n\t<div class=\"row\">\n\t\t<div class=\"col-md-6\">\n\t\t\t<div class=\"form-group\">\n\t\t\t\t<p><span class=\"wpcf7-form-control-wrap\" data-name=\"your-email\"><input size=\"40\" maxlength=\"400\" class=\"wpcf7-form-control wpcf7-email wpcf7-validates-as-required wpcf7-text wpcf7-validates-as-email form-control\" aria-required=\"true\" aria-invalid=\"false\" placeholder=\"E-posta Adresiniz *\" value=\"\" type=\"email\" name=\"your-email\" \/><\/span>\n\t\t\t\t<\/p>\n\t\t\t<\/div>\n\t\t<\/div>\n\t\t<div class=\"col-md-6\">\n\t\t\t<div class=\"form-group\">\n\t\t\t\t<p><span class=\"wpcf7-form-control-wrap\" data-name=\"your-phone\"><input size=\"40\" maxlength=\"400\" class=\"wpcf7-form-control wpcf7-text wpcf7-validates-as-required form-control\" aria-required=\"true\" aria-invalid=\"false\" placeholder=\"Telefon Numaran\u0131z\" value=\"\" type=\"text\" name=\"your-phone\" \/><\/span>\n\t\t\t\t<\/p>\n\t\t\t<\/div>\n\t\t<\/div>\n\t<\/div>\n\t<div class=\"form-group\">\n\t\t<p><span class=\"wpcf7-form-control-wrap\" data-name=\"your-message\"><textarea cols=\"40\" rows=\"4\" maxlength=\"2000\" class=\"wpcf7-form-control wpcf7-textarea form-control\" aria-invalid=\"false\" placeholder=\"Sorunu Detayl\u0131ca A\u00e7\u0131klay\u0131n\u0131z *\" name=\"your-message\"><\/textarea><\/span>\n\t\t<\/p>\n\t<\/div>\n\t<div class=\"form-group\">\n\t\t<div class=\"tt-notes text-center\">\n\t\t\t<p>T\u00fcm elektrik i\u015fleri, yetkili ve lisansl\u0131 bir elektrik\u00e7i taraf\u0131ndan yap\u0131lmaktad\u0131r..\n\t\t\t<\/p>\n\t\t<\/div>\n\t<\/div>\n\t<div class=\"form-group\">\n\t\t<div class=\"tt-notes text-center\">\n\t\t\t<p>Ki\u015fisel Verileriniz, KVKK kapsam\u0131nda yaln\u0131zca ileti\u015fim amac\u0131yla kullan\u0131lacakt\u0131r.\n\t\t\t<\/p>\n\t\t<\/div>\n\t<\/div>\n\t<p><span class=\"wpcf7-form-control-wrap\" data-name=\"kvkk\"><span class=\"wpcf7-form-control wpcf7-acceptance\"><span class=\"wpcf7-list-item\"><label><input type=\"checkbox\" name=\"kvkk\" value=\"1\" aria-invalid=\"false\" \/><span class=\"wpcf7-list-item-label\"><a href=https:\/\/ahtapotelektrik.com\/index.php\/gizlilik-politikasi\/\" target=\"_blank\">\nAhtapot Elektrik Gizlilik Politikas\u0131\u2019n\u0131\n<\/a> okudum ve kabul ediyorum.<\/span><\/label><\/span><\/span><\/span>\n\t<\/p>\n\t<div class=\"form-group text-center\">\n\t\t<p><button class=\"tt-btn btn__color01 wpcf7-form-control wpcf7-submit\" type=\"submit\"><span class=\"icon-lightning\"><\/span>Mesaj\u0131m\u0131 \u0130let!<\/button>\n\t\t<\/p>\n\t<\/div>\n<\/div><p style=\"display: none !important;\" class=\"akismet-fields-container\" data-prefix=\"_wpcf7_ak_\"><label>&#916;<textarea name=\"_wpcf7_ak_hp_textarea\" cols=\"45\" rows=\"8\" maxlength=\"100\"><\/textarea><\/label><input type=\"hidden\" id=\"ak_js_1\" name=\"_wpcf7_ak_js\" value=\"74\"\/><script>document.getElementById( \"ak_js_1\" ).setAttribute( \"value\", ( new Date() ).getTime() );<\/script><\/p><div class=\"wpcf7-response-output\" aria-hidden=\"true\"><\/div>\n<\/form>\n<\/div>\n\t\t\t<\/div>\r\n\t\t<\/div>\r\n\t<\/div>\r\n<\/div> \r\n\t\t\t\t\t\t<\/div>\n\t\t\t\t<\/div>\n\t\t\t\t\t<\/div>\n\t\t<\/div>\n\t\t\t\t\t<\/div>\n\t\t<\/section>\n\t\t\t\t<\/div>\n\t\t","protected":false},"excerpt":{"rendered":"<p>Adres: BA\u015e\u0130SKELE \u00c7al\u0131\u015fma Saatleri: Pazartesi-Cumartesi 09.00-18.00 Pazar G\u00fcnleri Sadece Acil M\u00fcdahale Telefon Numaras\u0131: 0551 510 75 93 Size Ula\u015fal\u0131m Bizimle \u0130leti\u015fime Ge\u00e7in Yard\u0131ma ihtiyac\u0131n\u0131z var ve ne yapaca\u011f\u0131n\u0131z\u0131 bilmiyor musunuz?Enerjiniz d\u00fc\u015fmesin biz sizin i\u00e7in var\u0131z. A\u015fa\u011f\u0131daki formu doldurarak bize ula\u015fabilirsiniz. En g\u00fcvenli ve do\u011fru hizmeti sizlere sunal\u0131m. All Electrical work must be done by a [&hellip;]<\/p>\n","protected":false},"author":1,"featured_media":0,"parent":0,"menu_order":0,"comment_status":"closed","ping_status":"closed","template":"","meta":{"footnotes":""},"class_list":["post-2528","page","type-page","status-publish","hentry"],"yoast_head":"<!-- This site is optimized with the Yoast SEO plugin v27.2 - https:\/\/yoast.com\/product\/yoast-seo-wordpress\/ -->\n<title>\u0130leti\u015fim - AhtapotElektrik<\/title>\n<meta name=\"robots\" content=\"index, follow, max-snippet:-1, max-image-preview:large, max-video-preview:-1\" \/>\n<link rel=\"canonical\" href=\"https:\/\/ahtapotelektrik.com\/index.php\/iletisim\/\" \/>\n<meta property=\"og:locale\" content=\"tr_TR\" \/>\n<meta property=\"og:type\" content=\"article\" \/>\n<meta property=\"og:title\" content=\"\u0130leti\u015fim - AhtapotElektrik\" \/>\n<meta property=\"og:description\" content=\"Adres: BA\u015e\u0130SKELE \u00c7al\u0131\u015fma Saatleri: Pazartesi-Cumartesi 09.00-18.00 Pazar G\u00fcnleri Sadece Acil M\u00fcdahale Telefon Numaras\u0131: 0551 510 75 93 Size Ula\u015fal\u0131m Bizimle \u0130leti\u015fime Ge\u00e7in Yard\u0131ma ihtiyac\u0131n\u0131z var ve ne yapaca\u011f\u0131n\u0131z\u0131 bilmiyor musunuz?Enerjiniz d\u00fc\u015fmesin biz sizin i\u00e7in var\u0131z. A\u015fa\u011f\u0131daki formu doldurarak bize ula\u015fabilirsiniz. En g\u00fcvenli ve do\u011fru hizmeti sizlere sunal\u0131m. All Electrical work must be done by a [&hellip;]\" \/>\n<meta property=\"og:url\" content=\"https:\/\/ahtapotelektrik.com\/index.php\/iletisim\/\" \/>\n<meta property=\"og:site_name\" content=\"AhtapotElektrik\" \/>\n<meta property=\"article:modified_time\" content=\"2025-12-23T14:06:29+00:00\" \/>\n<meta name=\"twitter:card\" content=\"summary_large_image\" \/>\n<meta name=\"twitter:label1\" content=\"Tahmini okuma s\u00fcresi\" \/>\n\t<meta name=\"twitter:data1\" content=\"1 dakika\" \/>\n<script type=\"application\/ld+json\" class=\"yoast-schema-graph\">{\"@context\":\"https:\/\/schema.org\",\"@graph\":[{\"@type\":\"WebPage\",\"@id\":\"https:\/\/ahtapotelektrik.com\/index.php\/iletisim\/\",\"url\":\"https:\/\/ahtapotelektrik.com\/index.php\/iletisim\/\",\"name\":\"\u0130leti\u015fim - AhtapotElektrik\",\"isPartOf\":{\"@id\":\"https:\/\/ahtapotelektrik.com\/#website\"},\"datePublished\":\"2025-12-22T20:50:12+00:00\",\"dateModified\":\"2025-12-23T14:06:29+00:00\",\"breadcrumb\":{\"@id\":\"https:\/\/ahtapotelektrik.com\/index.php\/iletisim\/#breadcrumb\"},\"inLanguage\":\"tr\",\"potentialAction\":[{\"@type\":\"ReadAction\",\"target\":[\"https:\/\/ahtapotelektrik.com\/index.php\/iletisim\/\"]}]},{\"@type\":\"BreadcrumbList\",\"@id\":\"https:\/\/ahtapotelektrik.com\/index.php\/iletisim\/#breadcrumb\",\"itemListElement\":[{\"@type\":\"ListItem\",\"position\":1,\"name\":\"Anasayfa\",\"item\":\"https:\/\/ahtapotelektrik.com\/\"},{\"@type\":\"ListItem\",\"position\":2,\"name\":\"\u0130leti\u015fim\"}]},{\"@type\":\"WebSite\",\"@id\":\"https:\/\/ahtapotelektrik.com\/#website\",\"url\":\"https:\/\/ahtapotelektrik.com\/\",\"name\":\"AhtapotElektrik\",\"description\":\"Her Koldan Enerjimiz Tam!\",\"potentialAction\":[{\"@type\":\"SearchAction\",\"target\":{\"@type\":\"EntryPoint\",\"urlTemplate\":\"https:\/\/ahtapotelektrik.com\/?s={search_term_string}\"},\"query-input\":{\"@type\":\"PropertyValueSpecification\",\"valueRequired\":true,\"valueName\":\"search_term_string\"}}],\"inLanguage\":\"tr\"}]}<\/script>\n<!-- \/ Yoast SEO plugin. -->","yoast_head_json":{"title":"\u0130leti\u015fim - AhtapotElektrik","robots":{"index":"index","follow":"follow","max-snippet":"max-snippet:-1","max-image-preview":"max-image-preview:large","max-video-preview":"max-video-preview:-1"},"canonical":"https:\/\/ahtapotelektrik.com\/index.php\/iletisim\/","og_locale":"tr_TR","og_type":"article","og_title":"\u0130leti\u015fim - AhtapotElektrik","og_description":"Adres: BA\u015e\u0130SKELE \u00c7al\u0131\u015fma Saatleri: Pazartesi-Cumartesi 09.00-18.00 Pazar G\u00fcnleri Sadece Acil M\u00fcdahale Telefon Numaras\u0131: 0551 510 75 93 Size Ula\u015fal\u0131m Bizimle \u0130leti\u015fime Ge\u00e7in Yard\u0131ma ihtiyac\u0131n\u0131z var ve ne yapaca\u011f\u0131n\u0131z\u0131 bilmiyor musunuz?Enerjiniz d\u00fc\u015fmesin biz sizin i\u00e7in var\u0131z. A\u015fa\u011f\u0131daki formu doldurarak bize ula\u015fabilirsiniz. En g\u00fcvenli ve do\u011fru hizmeti sizlere sunal\u0131m. All Electrical work must be done by a [&hellip;]","og_url":"https:\/\/ahtapotelektrik.com\/index.php\/iletisim\/","og_site_name":"AhtapotElektrik","article_modified_time":"2025-12-23T14:06:29+00:00","twitter_card":"summary_large_image","twitter_misc":{"Tahmini okuma s\u00fcresi":"1 dakika"},"schema":{"@context":"https:\/\/schema.org","@graph":[{"@type":"WebPage","@id":"https:\/\/ahtapotelektrik.com\/index.php\/iletisim\/","url":"https:\/\/ahtapotelektrik.com\/index.php\/iletisim\/","name":"\u0130leti\u015fim - AhtapotElektrik","isPartOf":{"@id":"https:\/\/ahtapotelektrik.com\/#website"},"datePublished":"2025-12-22T20:50:12+00:00","dateModified":"2025-12-23T14:06:29+00:00","breadcrumb":{"@id":"https:\/\/ahtapotelektrik.com\/index.php\/iletisim\/#breadcrumb"},"inLanguage":"tr","potentialAction":[{"@type":"ReadAction","target":["https:\/\/ahtapotelektrik.com\/index.php\/iletisim\/"]}]},{"@type":"BreadcrumbList","@id":"https:\/\/ahtapotelektrik.com\/index.php\/iletisim\/#breadcrumb","itemListElement":[{"@type":"ListItem","position":1,"name":"Anasayfa","item":"https:\/\/ahtapotelektrik.com\/"},{"@type":"ListItem","position":2,"name":"\u0130leti\u015fim"}]},{"@type":"WebSite","@id":"https:\/\/ahtapotelektrik.com\/#website","url":"https:\/\/ahtapotelektrik.com\/","name":"AhtapotElektrik","description":"Her Koldan Enerjimiz Tam!","potentialAction":[{"@type":"SearchAction","target":{"@type":"EntryPoint","urlTemplate":"https:\/\/ahtapotelektrik.com\/?s={search_term_string}"},"query-input":{"@type":"PropertyValueSpecification","valueRequired":true,"valueName":"search_term_string"}}],"inLanguage":"tr"}]}},"_links":{"self":[{"href":"https:\/\/ahtapotelektrik.com\/index.php\/wp-json\/wp\/v2\/pages\/2528","targetHints":{"allow":["GET"]}}],"collection":[{"href":"https:\/\/ahtapotelektrik.com\/index.php\/wp-json\/wp\/v2\/pages"}],"about":[{"href":"https:\/\/ahtapotelektrik.com\/index.php\/wp-json\/wp\/v2\/types\/page"}],"author":[{"embeddable":true,"href":"https:\/\/ahtapotelektrik.com\/index.php\/wp-json\/wp\/v2\/users\/1"}],"replies":[{"embeddable":true,"href":"https:\/\/ahtapotelektrik.com\/index.php\/wp-json\/wp\/v2\/comments?post=2528"}],"version-history":[{"count":10,"href":"https:\/\/ahtapotelektrik.com\/index.php\/wp-json\/wp\/v2\/pages\/2528\/revisions"}],"predecessor-version":[{"id":2994,"href":"https:\/\/ahtapotelektrik.com\/index.php\/wp-json\/wp\/v2\/pages\/2528\/revisions\/2994"}],"wp:attachment":[{"href":"https:\/\/ahtapotelektrik.com\/index.php\/wp-json\/wp\/v2\/media?parent=2528"}],"curies":[{"name":"wp","href":"https:\/\/api.w.org\/{rel}","templated":true}]}}