{"id":2801,"date":"2025-12-17T22:07:31","date_gmt":"2025-12-17T22:07:31","guid":{"rendered":"https:\/\/ahtapotelektrik.com\/?page_id=2801"},"modified":"2025-12-18T00:08:30","modified_gmt":"2025-12-18T00:08:30","slug":"elektrik-tesisati","status":"publish","type":"page","link":"https:\/\/ahtapotelektrik.com\/index.php\/elektrik-tesisati\/","title":{"rendered":"Elektrik Tesisat\u0131"},"content":{"rendered":"","protected":false},"excerpt":{"rendered":"","protected":false},"author":1,"featured_media":0,"parent":0,"menu_order":0,"comment_status":"closed","ping_status":"closed","template":"","meta":{"footnotes":""},"class_list":["post-2801","page","type-page","status-publish","hentry"],"yoast_head":"<!-- This site is optimized with the Yoast SEO plugin v27.2 - https:\/\/yoast.com\/product\/yoast-seo-wordpress\/ -->\n<title>Elektrik Tesisat\u0131 - AhtapotElektrik<\/title>\n<meta name=\"description\" content=\"Konut ve i\u015f yerleri i\u00e7in g\u00fcvenli ve profesyonel elektrik tesisat\u0131 hizmetleri. H\u0131zl\u0131 servis i\u00e7in hemen ileti\u015fime ge\u00e7in.\" \/>\n<meta name=\"robots\" content=\"index, follow, max-snippet:-1, max-image-preview:large, max-video-preview:-1\" \/>\n<link rel=\"canonical\" href=\"https:\/\/ahtapotelektrik.com\/index.php\/elektrik-tesisati\/\" \/>\n<meta property=\"og:locale\" content=\"tr_TR\" \/>\n<meta property=\"og:type\" content=\"article\" \/>\n<meta property=\"og:title\" content=\"Elektrik Tesisat\u0131 - AhtapotElektrik\" \/>\n<meta property=\"og:description\" content=\"Konut ve i\u015f yerleri i\u00e7in g\u00fcvenli ve profesyonel elektrik tesisat\u0131 hizmetleri. H\u0131zl\u0131 servis i\u00e7in hemen ileti\u015fime ge\u00e7in.\" \/>\n<meta property=\"og:url\" content=\"https:\/\/ahtapotelektrik.com\/index.php\/elektrik-tesisati\/\" \/>\n<meta property=\"og:site_name\" content=\"AhtapotElektrik\" \/>\n<meta property=\"article:modified_time\" content=\"2025-12-18T00:08:30+00:00\" \/>\n<meta name=\"twitter:card\" content=\"summary_large_image\" \/>\n<script type=\"application\/ld+json\" class=\"yoast-schema-graph\">{\"@context\":\"https:\/\/schema.org\",\"@graph\":[{\"@type\":\"WebPage\",\"@id\":\"https:\/\/ahtapotelektrik.com\/index.php\/elektrik-tesisati\/\",\"url\":\"https:\/\/ahtapotelektrik.com\/index.php\/elektrik-tesisati\/\",\"name\":\"Elektrik Tesisat\u0131 - AhtapotElektrik\",\"isPartOf\":{\"@id\":\"https:\/\/ahtapotelektrik.com\/#website\"},\"datePublished\":\"2025-12-17T22:07:31+00:00\",\"dateModified\":\"2025-12-18T00:08:30+00:00\",\"description\":\"Konut ve i\u015f yerleri i\u00e7in g\u00fcvenli ve profesyonel elektrik tesisat\u0131 hizmetleri. H\u0131zl\u0131 servis i\u00e7in hemen ileti\u015fime ge\u00e7in.\",\"breadcrumb\":{\"@id\":\"https:\/\/ahtapotelektrik.com\/index.php\/elektrik-tesisati\/#breadcrumb\"},\"inLanguage\":\"tr\",\"potentialAction\":[{\"@type\":\"ReadAction\",\"target\":[\"https:\/\/ahtapotelektrik.com\/index.php\/elektrik-tesisati\/\"]}]},{\"@type\":\"BreadcrumbList\",\"@id\":\"https:\/\/ahtapotelektrik.com\/index.php\/elektrik-tesisati\/#breadcrumb\",\"itemListElement\":[{\"@type\":\"ListItem\",\"position\":1,\"name\":\"Anasayfa\",\"item\":\"https:\/\/ahtapotelektrik.com\/\"},{\"@type\":\"ListItem\",\"position\":2,\"name\":\"Elektrik Tesisat\u0131\"}]},{\"@type\":\"WebSite\",\"@id\":\"https:\/\/ahtapotelektrik.com\/#website\",\"url\":\"https:\/\/ahtapotelektrik.com\/\",\"name\":\"AhtapotElektrik\",\"description\":\"Her Koldan Enerjimiz Tam!\",\"potentialAction\":[{\"@type\":\"SearchAction\",\"target\":{\"@type\":\"EntryPoint\",\"urlTemplate\":\"https:\/\/ahtapotelektrik.com\/?s={search_term_string}\"},\"query-input\":{\"@type\":\"PropertyValueSpecification\",\"valueRequired\":true,\"valueName\":\"search_term_string\"}}],\"inLanguage\":\"tr\"}]}<\/script>\n<!-- \/ Yoast SEO plugin. -->","yoast_head_json":{"title":"Elektrik Tesisat\u0131 - AhtapotElektrik","description":"Konut ve i\u015f yerleri i\u00e7in g\u00fcvenli ve profesyonel elektrik tesisat\u0131 hizmetleri. H\u0131zl\u0131 servis i\u00e7in hemen ileti\u015fime ge\u00e7in.","robots":{"index":"index","follow":"follow","max-snippet":"max-snippet:-1","max-image-preview":"max-image-preview:large","max-video-preview":"max-video-preview:-1"},"canonical":"https:\/\/ahtapotelektrik.com\/index.php\/elektrik-tesisati\/","og_locale":"tr_TR","og_type":"article","og_title":"Elektrik Tesisat\u0131 - AhtapotElektrik","og_description":"Konut ve i\u015f yerleri i\u00e7in g\u00fcvenli ve profesyonel elektrik tesisat\u0131 hizmetleri. H\u0131zl\u0131 servis i\u00e7in hemen ileti\u015fime ge\u00e7in.","og_url":"https:\/\/ahtapotelektrik.com\/index.php\/elektrik-tesisati\/","og_site_name":"AhtapotElektrik","article_modified_time":"2025-12-18T00:08:30+00:00","twitter_card":"summary_large_image","schema":{"@context":"https:\/\/schema.org","@graph":[{"@type":"WebPage","@id":"https:\/\/ahtapotelektrik.com\/index.php\/elektrik-tesisati\/","url":"https:\/\/ahtapotelektrik.com\/index.php\/elektrik-tesisati\/","name":"Elektrik Tesisat\u0131 - AhtapotElektrik","isPartOf":{"@id":"https:\/\/ahtapotelektrik.com\/#website"},"datePublished":"2025-12-17T22:07:31+00:00","dateModified":"2025-12-18T00:08:30+00:00","description":"Konut ve i\u015f yerleri i\u00e7in g\u00fcvenli ve profesyonel elektrik tesisat\u0131 hizmetleri. H\u0131zl\u0131 servis i\u00e7in hemen ileti\u015fime ge\u00e7in.","breadcrumb":{"@id":"https:\/\/ahtapotelektrik.com\/index.php\/elektrik-tesisati\/#breadcrumb"},"inLanguage":"tr","potentialAction":[{"@type":"ReadAction","target":["https:\/\/ahtapotelektrik.com\/index.php\/elektrik-tesisati\/"]}]},{"@type":"BreadcrumbList","@id":"https:\/\/ahtapotelektrik.com\/index.php\/elektrik-tesisati\/#breadcrumb","itemListElement":[{"@type":"ListItem","position":1,"name":"Anasayfa","item":"https:\/\/ahtapotelektrik.com\/"},{"@type":"ListItem","position":2,"name":"Elektrik Tesisat\u0131"}]},{"@type":"WebSite","@id":"https:\/\/ahtapotelektrik.com\/#website","url":"https:\/\/ahtapotelektrik.com\/","name":"AhtapotElektrik","description":"Her Koldan Enerjimiz Tam!","potentialAction":[{"@type":"SearchAction","target":{"@type":"EntryPoint","urlTemplate":"https:\/\/ahtapotelektrik.com\/?s={search_term_string}"},"query-input":{"@type":"PropertyValueSpecification","valueRequired":true,"valueName":"search_term_string"}}],"inLanguage":"tr"}]}},"_links":{"self":[{"href":"https:\/\/ahtapotelektrik.com\/index.php\/wp-json\/wp\/v2\/pages\/2801","targetHints":{"allow":["GET"]}}],"collection":[{"href":"https:\/\/ahtapotelektrik.com\/index.php\/wp-json\/wp\/v2\/pages"}],"about":[{"href":"https:\/\/ahtapotelektrik.com\/index.php\/wp-json\/wp\/v2\/types\/page"}],"author":[{"embeddable":true,"href":"https:\/\/ahtapotelektrik.com\/index.php\/wp-json\/wp\/v2\/users\/1"}],"replies":[{"embeddable":true,"href":"https:\/\/ahtapotelektrik.com\/index.php\/wp-json\/wp\/v2\/comments?post=2801"}],"version-history":[{"count":1,"href":"https:\/\/ahtapotelektrik.com\/index.php\/wp-json\/wp\/v2\/pages\/2801\/revisions"}],"predecessor-version":[{"id":2802,"href":"https:\/\/ahtapotelektrik.com\/index.php\/wp-json\/wp\/v2\/pages\/2801\/revisions\/2802"}],"wp:attachment":[{"href":"https:\/\/ahtapotelektrik.com\/index.php\/wp-json\/wp\/v2\/media?parent=2801"}],"curies":[{"name":"wp","href":"https:\/\/api.w.org\/{rel}","templated":true}]}}