{"id":2803,"date":"2025-12-17T22:07:57","date_gmt":"2025-12-17T22:07:57","guid":{"rendered":"https:\/\/ahtapotelektrik.com\/?page_id=2803"},"modified":"2025-12-18T00:10:25","modified_gmt":"2025-12-18T00:10:25","slug":"aydinlatma-sistemleri","status":"publish","type":"page","link":"https:\/\/ahtapotelektrik.com\/index.php\/aydinlatma-sistemleri\/","title":{"rendered":"Ayd\u0131nlatma Sistemleri"},"content":{"rendered":"","protected":false},"excerpt":{"rendered":"","protected":false},"author":1,"featured_media":0,"parent":0,"menu_order":0,"comment_status":"closed","ping_status":"closed","template":"","meta":{"footnotes":""},"class_list":["post-2803","page","type-page","status-publish","hentry"],"yoast_head":"<!-- This site is optimized with the Yoast SEO plugin v27.2 - https:\/\/yoast.com\/product\/yoast-seo-wordpress\/ -->\n<title>Ayd\u0131nlatma Sistemleri - AhtapotElektrik<\/title>\n<meta name=\"description\" content=\"\u0130\u00e7 ve d\u0131\u015f mek\u00e2nlar i\u00e7in modern, tasarruflu ve profesyonel ayd\u0131nlatma sistemleri \u00e7\u00f6z\u00fcmleri sunuyoruz.\" \/>\n<meta name=\"robots\" content=\"index, follow, max-snippet:-1, max-image-preview:large, max-video-preview:-1\" \/>\n<link rel=\"canonical\" href=\"https:\/\/ahtapotelektrik.com\/index.php\/aydinlatma-sistemleri\/\" \/>\n<meta property=\"og:locale\" content=\"tr_TR\" \/>\n<meta property=\"og:type\" content=\"article\" \/>\n<meta property=\"og:title\" content=\"Ayd\u0131nlatma Sistemleri - AhtapotElektrik\" \/>\n<meta property=\"og:description\" content=\"\u0130\u00e7 ve d\u0131\u015f mek\u00e2nlar i\u00e7in modern, tasarruflu ve profesyonel ayd\u0131nlatma sistemleri \u00e7\u00f6z\u00fcmleri sunuyoruz.\" \/>\n<meta property=\"og:url\" content=\"https:\/\/ahtapotelektrik.com\/index.php\/aydinlatma-sistemleri\/\" \/>\n<meta property=\"og:site_name\" content=\"AhtapotElektrik\" \/>\n<meta property=\"article:modified_time\" content=\"2025-12-18T00:10:25+00:00\" \/>\n<meta name=\"twitter:card\" content=\"summary_large_image\" \/>\n<script type=\"application\/ld+json\" class=\"yoast-schema-graph\">{\"@context\":\"https:\/\/schema.org\",\"@graph\":[{\"@type\":\"WebPage\",\"@id\":\"https:\/\/ahtapotelektrik.com\/index.php\/aydinlatma-sistemleri\/\",\"url\":\"https:\/\/ahtapotelektrik.com\/index.php\/aydinlatma-sistemleri\/\",\"name\":\"Ayd\u0131nlatma Sistemleri - AhtapotElektrik\",\"isPartOf\":{\"@id\":\"https:\/\/ahtapotelektrik.com\/#website\"},\"datePublished\":\"2025-12-17T22:07:57+00:00\",\"dateModified\":\"2025-12-18T00:10:25+00:00\",\"description\":\"\u0130\u00e7 ve d\u0131\u015f mek\u00e2nlar i\u00e7in modern, tasarruflu ve profesyonel ayd\u0131nlatma sistemleri \u00e7\u00f6z\u00fcmleri sunuyoruz.\",\"breadcrumb\":{\"@id\":\"https:\/\/ahtapotelektrik.com\/index.php\/aydinlatma-sistemleri\/#breadcrumb\"},\"inLanguage\":\"tr\",\"potentialAction\":[{\"@type\":\"ReadAction\",\"target\":[\"https:\/\/ahtapotelektrik.com\/index.php\/aydinlatma-sistemleri\/\"]}]},{\"@type\":\"BreadcrumbList\",\"@id\":\"https:\/\/ahtapotelektrik.com\/index.php\/aydinlatma-sistemleri\/#breadcrumb\",\"itemListElement\":[{\"@type\":\"ListItem\",\"position\":1,\"name\":\"Anasayfa\",\"item\":\"https:\/\/ahtapotelektrik.com\/\"},{\"@type\":\"ListItem\",\"position\":2,\"name\":\"Ayd\u0131nlatma Sistemleri\"}]},{\"@type\":\"WebSite\",\"@id\":\"https:\/\/ahtapotelektrik.com\/#website\",\"url\":\"https:\/\/ahtapotelektrik.com\/\",\"name\":\"AhtapotElektrik\",\"description\":\"Her Koldan Enerjimiz Tam!\",\"potentialAction\":[{\"@type\":\"SearchAction\",\"target\":{\"@type\":\"EntryPoint\",\"urlTemplate\":\"https:\/\/ahtapotelektrik.com\/?s={search_term_string}\"},\"query-input\":{\"@type\":\"PropertyValueSpecification\",\"valueRequired\":true,\"valueName\":\"search_term_string\"}}],\"inLanguage\":\"tr\"}]}<\/script>\n<!-- \/ Yoast SEO plugin. -->","yoast_head_json":{"title":"Ayd\u0131nlatma Sistemleri - AhtapotElektrik","description":"\u0130\u00e7 ve d\u0131\u015f mek\u00e2nlar i\u00e7in modern, tasarruflu ve profesyonel ayd\u0131nlatma sistemleri \u00e7\u00f6z\u00fcmleri sunuyoruz.","robots":{"index":"index","follow":"follow","max-snippet":"max-snippet:-1","max-image-preview":"max-image-preview:large","max-video-preview":"max-video-preview:-1"},"canonical":"https:\/\/ahtapotelektrik.com\/index.php\/aydinlatma-sistemleri\/","og_locale":"tr_TR","og_type":"article","og_title":"Ayd\u0131nlatma Sistemleri - AhtapotElektrik","og_description":"\u0130\u00e7 ve d\u0131\u015f mek\u00e2nlar i\u00e7in modern, tasarruflu ve profesyonel ayd\u0131nlatma sistemleri \u00e7\u00f6z\u00fcmleri sunuyoruz.","og_url":"https:\/\/ahtapotelektrik.com\/index.php\/aydinlatma-sistemleri\/","og_site_name":"AhtapotElektrik","article_modified_time":"2025-12-18T00:10:25+00:00","twitter_card":"summary_large_image","schema":{"@context":"https:\/\/schema.org","@graph":[{"@type":"WebPage","@id":"https:\/\/ahtapotelektrik.com\/index.php\/aydinlatma-sistemleri\/","url":"https:\/\/ahtapotelektrik.com\/index.php\/aydinlatma-sistemleri\/","name":"Ayd\u0131nlatma Sistemleri - AhtapotElektrik","isPartOf":{"@id":"https:\/\/ahtapotelektrik.com\/#website"},"datePublished":"2025-12-17T22:07:57+00:00","dateModified":"2025-12-18T00:10:25+00:00","description":"\u0130\u00e7 ve d\u0131\u015f mek\u00e2nlar i\u00e7in modern, tasarruflu ve profesyonel ayd\u0131nlatma sistemleri \u00e7\u00f6z\u00fcmleri sunuyoruz.","breadcrumb":{"@id":"https:\/\/ahtapotelektrik.com\/index.php\/aydinlatma-sistemleri\/#breadcrumb"},"inLanguage":"tr","potentialAction":[{"@type":"ReadAction","target":["https:\/\/ahtapotelektrik.com\/index.php\/aydinlatma-sistemleri\/"]}]},{"@type":"BreadcrumbList","@id":"https:\/\/ahtapotelektrik.com\/index.php\/aydinlatma-sistemleri\/#breadcrumb","itemListElement":[{"@type":"ListItem","position":1,"name":"Anasayfa","item":"https:\/\/ahtapotelektrik.com\/"},{"@type":"ListItem","position":2,"name":"Ayd\u0131nlatma Sistemleri"}]},{"@type":"WebSite","@id":"https:\/\/ahtapotelektrik.com\/#website","url":"https:\/\/ahtapotelektrik.com\/","name":"AhtapotElektrik","description":"Her Koldan Enerjimiz Tam!","potentialAction":[{"@type":"SearchAction","target":{"@type":"EntryPoint","urlTemplate":"https:\/\/ahtapotelektrik.com\/?s={search_term_string}"},"query-input":{"@type":"PropertyValueSpecification","valueRequired":true,"valueName":"search_term_string"}}],"inLanguage":"tr"}]}},"_links":{"self":[{"href":"https:\/\/ahtapotelektrik.com\/index.php\/wp-json\/wp\/v2\/pages\/2803","targetHints":{"allow":["GET"]}}],"collection":[{"href":"https:\/\/ahtapotelektrik.com\/index.php\/wp-json\/wp\/v2\/pages"}],"about":[{"href":"https:\/\/ahtapotelektrik.com\/index.php\/wp-json\/wp\/v2\/types\/page"}],"author":[{"embeddable":true,"href":"https:\/\/ahtapotelektrik.com\/index.php\/wp-json\/wp\/v2\/users\/1"}],"replies":[{"embeddable":true,"href":"https:\/\/ahtapotelektrik.com\/index.php\/wp-json\/wp\/v2\/comments?post=2803"}],"version-history":[{"count":1,"href":"https:\/\/ahtapotelektrik.com\/index.php\/wp-json\/wp\/v2\/pages\/2803\/revisions"}],"predecessor-version":[{"id":2804,"href":"https:\/\/ahtapotelektrik.com\/index.php\/wp-json\/wp\/v2\/pages\/2803\/revisions\/2804"}],"wp:attachment":[{"href":"https:\/\/ahtapotelektrik.com\/index.php\/wp-json\/wp\/v2\/media?parent=2803"}],"curies":[{"name":"wp","href":"https:\/\/api.w.org\/{rel}","templated":true}]}}