{"id":2807,"date":"2025-12-17T22:09:07","date_gmt":"2025-12-17T22:09:07","guid":{"rendered":"https:\/\/ahtapotelektrik.com\/?page_id=2807"},"modified":"2025-12-18T00:24:59","modified_gmt":"2025-12-18T00:24:59","slug":"bakim-ve-onarim","status":"publish","type":"page","link":"https:\/\/ahtapotelektrik.com\/index.php\/bakim-ve-onarim\/","title":{"rendered":"Bak\u0131m ve Onar\u0131m"},"content":{"rendered":"","protected":false},"excerpt":{"rendered":"","protected":false},"author":1,"featured_media":0,"parent":0,"menu_order":0,"comment_status":"closed","ping_status":"closed","template":"","meta":{"footnotes":""},"class_list":["post-2807","page","type-page","status-publish","hentry"],"yoast_head":"<!-- This site is optimized with the Yoast SEO plugin v27.2 - https:\/\/yoast.com\/product\/yoast-seo-wordpress\/ -->\n<title>Bak\u0131m ve Onar\u0131m - AhtapotElektrik<\/title>\n<meta name=\"description\" content=\"Elektrik bak\u0131m ve onar\u0131m hizmetleri ile sistemlerinizin g\u00fcvenli ve sorunsuz \u00e7al\u0131\u015fmas\u0131n\u0131 sa\u011fl\u0131yoruz.\" \/>\n<meta name=\"robots\" content=\"index, follow, max-snippet:-1, max-image-preview:large, max-video-preview:-1\" \/>\n<link rel=\"canonical\" href=\"https:\/\/ahtapotelektrik.com\/index.php\/bakim-ve-onarim\/\" \/>\n<meta property=\"og:locale\" content=\"tr_TR\" \/>\n<meta property=\"og:type\" content=\"article\" \/>\n<meta property=\"og:title\" content=\"Bak\u0131m ve Onar\u0131m - AhtapotElektrik\" \/>\n<meta property=\"og:description\" content=\"Elektrik bak\u0131m ve onar\u0131m hizmetleri ile sistemlerinizin g\u00fcvenli ve sorunsuz \u00e7al\u0131\u015fmas\u0131n\u0131 sa\u011fl\u0131yoruz.\" \/>\n<meta property=\"og:url\" content=\"https:\/\/ahtapotelektrik.com\/index.php\/bakim-ve-onarim\/\" \/>\n<meta property=\"og:site_name\" content=\"AhtapotElektrik\" \/>\n<meta property=\"article:modified_time\" content=\"2025-12-18T00:24:59+00:00\" \/>\n<meta name=\"twitter:card\" content=\"summary_large_image\" \/>\n<script type=\"application\/ld+json\" class=\"yoast-schema-graph\">{\"@context\":\"https:\/\/schema.org\",\"@graph\":[{\"@type\":\"WebPage\",\"@id\":\"https:\/\/ahtapotelektrik.com\/index.php\/bakim-ve-onarim\/\",\"url\":\"https:\/\/ahtapotelektrik.com\/index.php\/bakim-ve-onarim\/\",\"name\":\"Bak\u0131m ve Onar\u0131m - AhtapotElektrik\",\"isPartOf\":{\"@id\":\"https:\/\/ahtapotelektrik.com\/#website\"},\"datePublished\":\"2025-12-17T22:09:07+00:00\",\"dateModified\":\"2025-12-18T00:24:59+00:00\",\"description\":\"Elektrik bak\u0131m ve onar\u0131m hizmetleri ile sistemlerinizin g\u00fcvenli ve sorunsuz \u00e7al\u0131\u015fmas\u0131n\u0131 sa\u011fl\u0131yoruz.\",\"breadcrumb\":{\"@id\":\"https:\/\/ahtapotelektrik.com\/index.php\/bakim-ve-onarim\/#breadcrumb\"},\"inLanguage\":\"tr\",\"potentialAction\":[{\"@type\":\"ReadAction\",\"target\":[\"https:\/\/ahtapotelektrik.com\/index.php\/bakim-ve-onarim\/\"]}]},{\"@type\":\"BreadcrumbList\",\"@id\":\"https:\/\/ahtapotelektrik.com\/index.php\/bakim-ve-onarim\/#breadcrumb\",\"itemListElement\":[{\"@type\":\"ListItem\",\"position\":1,\"name\":\"Anasayfa\",\"item\":\"https:\/\/ahtapotelektrik.com\/\"},{\"@type\":\"ListItem\",\"position\":2,\"name\":\"Bak\u0131m ve Onar\u0131m\"}]},{\"@type\":\"WebSite\",\"@id\":\"https:\/\/ahtapotelektrik.com\/#website\",\"url\":\"https:\/\/ahtapotelektrik.com\/\",\"name\":\"AhtapotElektrik\",\"description\":\"Her Koldan Enerjimiz Tam!\",\"potentialAction\":[{\"@type\":\"SearchAction\",\"target\":{\"@type\":\"EntryPoint\",\"urlTemplate\":\"https:\/\/ahtapotelektrik.com\/?s={search_term_string}\"},\"query-input\":{\"@type\":\"PropertyValueSpecification\",\"valueRequired\":true,\"valueName\":\"search_term_string\"}}],\"inLanguage\":\"tr\"}]}<\/script>\n<!-- \/ Yoast SEO plugin. -->","yoast_head_json":{"title":"Bak\u0131m ve Onar\u0131m - AhtapotElektrik","description":"Elektrik bak\u0131m ve onar\u0131m hizmetleri ile sistemlerinizin g\u00fcvenli ve sorunsuz \u00e7al\u0131\u015fmas\u0131n\u0131 sa\u011fl\u0131yoruz.","robots":{"index":"index","follow":"follow","max-snippet":"max-snippet:-1","max-image-preview":"max-image-preview:large","max-video-preview":"max-video-preview:-1"},"canonical":"https:\/\/ahtapotelektrik.com\/index.php\/bakim-ve-onarim\/","og_locale":"tr_TR","og_type":"article","og_title":"Bak\u0131m ve Onar\u0131m - AhtapotElektrik","og_description":"Elektrik bak\u0131m ve onar\u0131m hizmetleri ile sistemlerinizin g\u00fcvenli ve sorunsuz \u00e7al\u0131\u015fmas\u0131n\u0131 sa\u011fl\u0131yoruz.","og_url":"https:\/\/ahtapotelektrik.com\/index.php\/bakim-ve-onarim\/","og_site_name":"AhtapotElektrik","article_modified_time":"2025-12-18T00:24:59+00:00","twitter_card":"summary_large_image","schema":{"@context":"https:\/\/schema.org","@graph":[{"@type":"WebPage","@id":"https:\/\/ahtapotelektrik.com\/index.php\/bakim-ve-onarim\/","url":"https:\/\/ahtapotelektrik.com\/index.php\/bakim-ve-onarim\/","name":"Bak\u0131m ve Onar\u0131m - AhtapotElektrik","isPartOf":{"@id":"https:\/\/ahtapotelektrik.com\/#website"},"datePublished":"2025-12-17T22:09:07+00:00","dateModified":"2025-12-18T00:24:59+00:00","description":"Elektrik bak\u0131m ve onar\u0131m hizmetleri ile sistemlerinizin g\u00fcvenli ve sorunsuz \u00e7al\u0131\u015fmas\u0131n\u0131 sa\u011fl\u0131yoruz.","breadcrumb":{"@id":"https:\/\/ahtapotelektrik.com\/index.php\/bakim-ve-onarim\/#breadcrumb"},"inLanguage":"tr","potentialAction":[{"@type":"ReadAction","target":["https:\/\/ahtapotelektrik.com\/index.php\/bakim-ve-onarim\/"]}]},{"@type":"BreadcrumbList","@id":"https:\/\/ahtapotelektrik.com\/index.php\/bakim-ve-onarim\/#breadcrumb","itemListElement":[{"@type":"ListItem","position":1,"name":"Anasayfa","item":"https:\/\/ahtapotelektrik.com\/"},{"@type":"ListItem","position":2,"name":"Bak\u0131m ve Onar\u0131m"}]},{"@type":"WebSite","@id":"https:\/\/ahtapotelektrik.com\/#website","url":"https:\/\/ahtapotelektrik.com\/","name":"AhtapotElektrik","description":"Her Koldan Enerjimiz Tam!","potentialAction":[{"@type":"SearchAction","target":{"@type":"EntryPoint","urlTemplate":"https:\/\/ahtapotelektrik.com\/?s={search_term_string}"},"query-input":{"@type":"PropertyValueSpecification","valueRequired":true,"valueName":"search_term_string"}}],"inLanguage":"tr"}]}},"_links":{"self":[{"href":"https:\/\/ahtapotelektrik.com\/index.php\/wp-json\/wp\/v2\/pages\/2807","targetHints":{"allow":["GET"]}}],"collection":[{"href":"https:\/\/ahtapotelektrik.com\/index.php\/wp-json\/wp\/v2\/pages"}],"about":[{"href":"https:\/\/ahtapotelektrik.com\/index.php\/wp-json\/wp\/v2\/types\/page"}],"author":[{"embeddable":true,"href":"https:\/\/ahtapotelektrik.com\/index.php\/wp-json\/wp\/v2\/users\/1"}],"replies":[{"embeddable":true,"href":"https:\/\/ahtapotelektrik.com\/index.php\/wp-json\/wp\/v2\/comments?post=2807"}],"version-history":[{"count":1,"href":"https:\/\/ahtapotelektrik.com\/index.php\/wp-json\/wp\/v2\/pages\/2807\/revisions"}],"predecessor-version":[{"id":2808,"href":"https:\/\/ahtapotelektrik.com\/index.php\/wp-json\/wp\/v2\/pages\/2807\/revisions\/2808"}],"wp:attachment":[{"href":"https:\/\/ahtapotelektrik.com\/index.php\/wp-json\/wp\/v2\/media?parent=2807"}],"curies":[{"name":"wp","href":"https:\/\/api.w.org\/{rel}","templated":true}]}}