{"id":2936,"date":"2025-12-22T20:11:27","date_gmt":"2025-12-22T20:11:27","guid":{"rendered":"https:\/\/ahtapotelektrik.com\/?page_id=2936"},"modified":"2025-12-22T20:32:47","modified_gmt":"2025-12-22T20:32:47","slug":"kvkk","status":"publish","type":"page","link":"https:\/\/ahtapotelektrik.com\/index.php\/kvkk\/","title":{"rendered":"Ki\u015fisel Verilerin Korunmas\u0131 Ayd\u0131nlatma Metni (KVKK)"},"content":{"rendered":"\t\t<div data-elementor-type=\"wp-page\" data-elementor-id=\"2936\" class=\"elementor elementor-2936\">\n\t\t\t\t<div class=\"elementor-element elementor-element-2db92e5e e-flex e-con-boxed e-con e-parent\" data-id=\"2db92e5e\" data-element_type=\"container\" data-e-type=\"container\">\n\t\t\t\t\t<div class=\"e-con-inner\">\n\t\t\t\t<div class=\"elementor-element elementor-element-26cb7e4d elementor-widget elementor-widget-text-editor\" data-id=\"26cb7e4d\" data-element_type=\"widget\" data-e-type=\"widget\" data-widget_type=\"text-editor.default\">\n\t\t\t\t\t\t\t\t\t\n<h2><em><strong>Ki\u015fisel Verilerin Korunmas\u0131 Ayd\u0131nlatma Metni (KVKK)<\/strong><\/em><\/h2>\n\n<p>Bu ayd\u0131nlatma metni, Ahtapot Elektrik (\u201cVeri Sorumlusu\u201d) taraf\u0131ndan, 6698 say\u0131l\u0131 Ki\u015fisel Verilerin Korunmas\u0131 Kanunu (\u201cKVKK\u201d) kapsam\u0131nda, web sitemizi ziyaret eden ve hizmetlerimizden faydalanmak isteyen ki\u015filerin ki\u015fisel verilerinin i\u015flenmesine ili\u015fkin olarak haz\u0131rlanm\u0131\u015ft\u0131r.<\/p>\n\n<ol class=\"wp-block-list\">\n<li>\u0130\u015flenen Ki\u015fisel Veriler<br \/>Web sitemiz \u00fczerinden ve ileti\u015fim kanallar\u0131m\u0131z arac\u0131l\u0131\u011f\u0131yla;<br \/>Ad Soyad<br \/>Telefon numaras\u0131<br \/>E-posta adresi<br \/>Mesaj ve talep i\u00e7erikleri<br \/>kullan\u0131c\u0131lar taraf\u0131ndan g\u00f6n\u00fcll\u00fc olarak payla\u015f\u0131lmaktad\u0131r.<\/li>\n\n<li>Ki\u015fisel Verilerin \u0130\u015flenme Ama\u00e7lar\u0131<br \/>Toplanan ki\u015fisel veriler;<br \/>\u0130leti\u015fim faaliyetlerinin y\u00fcr\u00fct\u00fclmesi<br \/>Talep edilen elektrik hizmetleri hakk\u0131nda bilgi verilmesi<br \/>Ar\u0131za, tesisat ve bak\u0131m taleplerine geri d\u00f6n\u00fc\u015f sa\u011flanmas\u0131<br \/>M\u00fc\u015fteri memnuniyetinin art\u0131r\u0131lmas\u0131<br \/>ama\u00e7lar\u0131yla, KVKK\u2019ya uygun \u015fekilde i\u015flenmektedir.<\/li>\n\n<li>Ki\u015fisel Verilerin Aktar\u0131lmas\u0131<br \/>Ki\u015fisel verileriniz;<br \/>Yasal y\u00fck\u00fcml\u00fcl\u00fckler d\u0131\u015f\u0131nda<br \/>A\u00e7\u0131k r\u0131zan\u0131z olmaks\u0131z\u0131n<br \/>\u00fc\u00e7\u00fcnc\u00fc ki\u015filerle payla\u015f\u0131lmamaktad\u0131r.<\/li>\n\n<li>Ki\u015fisel Verilerin Toplanma Y\u00f6ntemi ve Hukuki Sebebi<br \/>Ki\u015fisel verileriniz;<br \/>Web sitesi ileti\u015fim formlar\u0131<br \/>Telefon ve e-posta kanallar\u0131<br \/>arac\u0131l\u0131\u011f\u0131yla, KVKK\u2019n\u0131n 5. maddesinde belirtilen \u201cilgili ki\u015finin a\u00e7\u0131k r\u0131zas\u0131\u201d ve \u201cileti\u015fim faaliyetlerinin y\u00fcr\u00fct\u00fclmesi\u201d hukuki sebeplerine dayanarak toplanmaktad\u0131r.<\/li>\n\n<li>KVKK Kapsam\u0131ndaki Haklar\u0131n\u0131z<br \/>KVKK\u2019n\u0131n 11. maddesi uyar\u0131nca;<br \/>Ki\u015fisel verilerinizin i\u015flenip i\u015flenmedi\u011fini \u00f6\u011frenme<br \/>\u0130\u015flenmi\u015fse buna ili\u015fkin bilgi talep etme<br \/>Eksik veya yanl\u0131\u015f i\u015flenen verilerin d\u00fczeltilmesini isteme<br \/>Ki\u015fisel verilerin silinmesini veya yok edilmesini talep etme<br \/>\u0130\u015flemenin kanuna ayk\u0131r\u0131 olmas\u0131 h\u00e2linde zarar\u0131n giderilmesini talep etme<br \/>haklar\u0131na sahipsiniz.<br \/>Bu haklar\u0131n\u0131za ili\u015fkin taleplerinizi ileti\u015fim sayfam\u0131z \u00fczerinden bize iletebilirsiniz.<\/li>\n\n<li>Veri G\u00fcvenli\u011fi<br \/>Ahtapot Elektrik, ki\u015fisel verilerin gizlili\u011fini ve g\u00fcvenli\u011fini sa\u011flamak amac\u0131yla gerekli teknik ve idari tedbirleri almaktad\u0131r.<\/li>\n<\/ol>\n\n<p>\u00a0<\/p>\n\t\t\t\t\t\t\t\t<\/div>\n\t\t\t\t\t<\/div>\n\t\t\t\t<\/div>\n\t\t<div class=\"elementor-element elementor-element-ac4580a e-flex e-con-boxed e-con e-parent\" data-id=\"ac4580a\" data-element_type=\"container\" data-e-type=\"container\">\n\t\t\t\t\t<div class=\"e-con-inner\">\n\t\t\t\t<div class=\"elementor-element elementor-element-3eed06e elementor-widget elementor-widget-elec_action_button\" data-id=\"3eed06e\" data-element_type=\"widget\" data-e-type=\"widget\" data-widget_type=\"elec_action_button.default\">\n\t\t\t\t<div class=\"elementor-widget-container\">\n\t\t\t\t\t\t\t\t<a class=\"btn\"  target=\"_blank\" rel=\"nofollow\" href=\"https:\/\/ahtapotelektrik.com\/\">\r\n\t\t\t\t<i class=\"icon-lightning\"><\/i>\r\n\t\t\t\t<span>ANASAYFAYA D\u00d6N<\/span>\r\n\t\t\t<\/a>\r\n\t\t\t\t\t\t\t\t<\/div>\n\t\t\t\t<\/div>\n\t\t\t\t\t<\/div>\n\t\t\t\t<\/div>\n\t\t\t\t<\/div>\n\t\t","protected":false},"excerpt":{"rendered":"<p>Bu ayd\u0131nlatma metni, Ahtapot Elektrik (\u201cVeri Sorumlusu\u201d) taraf\u0131ndan, 6698 say\u0131l\u0131 Ki\u015fisel Verilerin Korunmas\u0131 Kanunu (\u201cKVKK\u201d) kapsam\u0131nda, web sitemizi ziyaret eden ve hizmetlerimizden faydalanmak isteyen ki\u015filerin ki\u015fisel verilerinin i\u015flenmesine ili\u015fkin olarak haz\u0131rlanm\u0131\u015ft\u0131r.<\/p>\n","protected":false},"author":1,"featured_media":0,"parent":0,"menu_order":0,"comment_status":"closed","ping_status":"closed","template":"elementor_canvas","meta":{"footnotes":""},"class_list":["post-2936","page","type-page","status-publish","hentry"],"yoast_head":"<!-- This site is optimized with the Yoast SEO plugin v27.2 - https:\/\/yoast.com\/product\/yoast-seo-wordpress\/ -->\n<title>Ki\u015fisel Verilerin Korunmas\u0131 Ayd\u0131nlatma Metni (KVKK) - AhtapotElektrik<\/title>\n<meta name=\"robots\" content=\"index, follow, max-snippet:-1, max-image-preview:large, max-video-preview:-1\" \/>\n<link rel=\"canonical\" href=\"https:\/\/ahtapotelektrik.com\/index.php\/kvkk\/\" \/>\n<meta property=\"og:locale\" content=\"tr_TR\" \/>\n<meta property=\"og:type\" content=\"article\" \/>\n<meta property=\"og:title\" content=\"Ki\u015fisel Verilerin Korunmas\u0131 Ayd\u0131nlatma Metni (KVKK) - AhtapotElektrik\" \/>\n<meta property=\"og:description\" content=\"Bu ayd\u0131nlatma metni, Ahtapot Elektrik (\u201cVeri Sorumlusu\u201d) taraf\u0131ndan, 6698 say\u0131l\u0131 Ki\u015fisel Verilerin Korunmas\u0131 Kanunu (\u201cKVKK\u201d) kapsam\u0131nda, web sitemizi ziyaret eden ve hizmetlerimizden faydalanmak isteyen ki\u015filerin ki\u015fisel verilerinin i\u015flenmesine ili\u015fkin olarak haz\u0131rlanm\u0131\u015ft\u0131r.\" \/>\n<meta property=\"og:url\" content=\"https:\/\/ahtapotelektrik.com\/index.php\/kvkk\/\" \/>\n<meta property=\"og:site_name\" content=\"AhtapotElektrik\" \/>\n<meta property=\"article:modified_time\" content=\"2025-12-22T20:32:47+00:00\" \/>\n<meta name=\"twitter:card\" content=\"summary_large_image\" \/>\n<meta name=\"twitter:label1\" content=\"Tahmini okuma s\u00fcresi\" \/>\n\t<meta name=\"twitter:data1\" content=\"2 dakika\" \/>\n<script type=\"application\/ld+json\" class=\"yoast-schema-graph\">{\"@context\":\"https:\/\/schema.org\",\"@graph\":[{\"@type\":\"WebPage\",\"@id\":\"https:\/\/ahtapotelektrik.com\/index.php\/kvkk\/\",\"url\":\"https:\/\/ahtapotelektrik.com\/index.php\/kvkk\/\",\"name\":\"Ki\u015fisel Verilerin Korunmas\u0131 Ayd\u0131nlatma Metni (KVKK) - AhtapotElektrik\",\"isPartOf\":{\"@id\":\"https:\/\/ahtapotelektrik.com\/#website\"},\"datePublished\":\"2025-12-22T20:11:27+00:00\",\"dateModified\":\"2025-12-22T20:32:47+00:00\",\"breadcrumb\":{\"@id\":\"https:\/\/ahtapotelektrik.com\/index.php\/kvkk\/#breadcrumb\"},\"inLanguage\":\"tr\",\"potentialAction\":[{\"@type\":\"ReadAction\",\"target\":[\"https:\/\/ahtapotelektrik.com\/index.php\/kvkk\/\"]}]},{\"@type\":\"BreadcrumbList\",\"@id\":\"https:\/\/ahtapotelektrik.com\/index.php\/kvkk\/#breadcrumb\",\"itemListElement\":[{\"@type\":\"ListItem\",\"position\":1,\"name\":\"Anasayfa\",\"item\":\"https:\/\/ahtapotelektrik.com\/\"},{\"@type\":\"ListItem\",\"position\":2,\"name\":\"Ki\u015fisel Verilerin Korunmas\u0131 Ayd\u0131nlatma Metni (KVKK)\"}]},{\"@type\":\"WebSite\",\"@id\":\"https:\/\/ahtapotelektrik.com\/#website\",\"url\":\"https:\/\/ahtapotelektrik.com\/\",\"name\":\"AhtapotElektrik\",\"description\":\"Her Koldan Enerjimiz Tam!\",\"potentialAction\":[{\"@type\":\"SearchAction\",\"target\":{\"@type\":\"EntryPoint\",\"urlTemplate\":\"https:\/\/ahtapotelektrik.com\/?s={search_term_string}\"},\"query-input\":{\"@type\":\"PropertyValueSpecification\",\"valueRequired\":true,\"valueName\":\"search_term_string\"}}],\"inLanguage\":\"tr\"}]}<\/script>\n<!-- \/ Yoast SEO plugin. -->","yoast_head_json":{"title":"Ki\u015fisel Verilerin Korunmas\u0131 Ayd\u0131nlatma Metni (KVKK) - AhtapotElektrik","robots":{"index":"index","follow":"follow","max-snippet":"max-snippet:-1","max-image-preview":"max-image-preview:large","max-video-preview":"max-video-preview:-1"},"canonical":"https:\/\/ahtapotelektrik.com\/index.php\/kvkk\/","og_locale":"tr_TR","og_type":"article","og_title":"Ki\u015fisel Verilerin Korunmas\u0131 Ayd\u0131nlatma Metni (KVKK) - AhtapotElektrik","og_description":"Bu ayd\u0131nlatma metni, Ahtapot Elektrik (\u201cVeri Sorumlusu\u201d) taraf\u0131ndan, 6698 say\u0131l\u0131 Ki\u015fisel Verilerin Korunmas\u0131 Kanunu (\u201cKVKK\u201d) kapsam\u0131nda, web sitemizi ziyaret eden ve hizmetlerimizden faydalanmak isteyen ki\u015filerin ki\u015fisel verilerinin i\u015flenmesine ili\u015fkin olarak haz\u0131rlanm\u0131\u015ft\u0131r.","og_url":"https:\/\/ahtapotelektrik.com\/index.php\/kvkk\/","og_site_name":"AhtapotElektrik","article_modified_time":"2025-12-22T20:32:47+00:00","twitter_card":"summary_large_image","twitter_misc":{"Tahmini okuma s\u00fcresi":"2 dakika"},"schema":{"@context":"https:\/\/schema.org","@graph":[{"@type":"WebPage","@id":"https:\/\/ahtapotelektrik.com\/index.php\/kvkk\/","url":"https:\/\/ahtapotelektrik.com\/index.php\/kvkk\/","name":"Ki\u015fisel Verilerin Korunmas\u0131 Ayd\u0131nlatma Metni (KVKK) - AhtapotElektrik","isPartOf":{"@id":"https:\/\/ahtapotelektrik.com\/#website"},"datePublished":"2025-12-22T20:11:27+00:00","dateModified":"2025-12-22T20:32:47+00:00","breadcrumb":{"@id":"https:\/\/ahtapotelektrik.com\/index.php\/kvkk\/#breadcrumb"},"inLanguage":"tr","potentialAction":[{"@type":"ReadAction","target":["https:\/\/ahtapotelektrik.com\/index.php\/kvkk\/"]}]},{"@type":"BreadcrumbList","@id":"https:\/\/ahtapotelektrik.com\/index.php\/kvkk\/#breadcrumb","itemListElement":[{"@type":"ListItem","position":1,"name":"Anasayfa","item":"https:\/\/ahtapotelektrik.com\/"},{"@type":"ListItem","position":2,"name":"Ki\u015fisel Verilerin Korunmas\u0131 Ayd\u0131nlatma Metni (KVKK)"}]},{"@type":"WebSite","@id":"https:\/\/ahtapotelektrik.com\/#website","url":"https:\/\/ahtapotelektrik.com\/","name":"AhtapotElektrik","description":"Her Koldan Enerjimiz Tam!","potentialAction":[{"@type":"SearchAction","target":{"@type":"EntryPoint","urlTemplate":"https:\/\/ahtapotelektrik.com\/?s={search_term_string}"},"query-input":{"@type":"PropertyValueSpecification","valueRequired":true,"valueName":"search_term_string"}}],"inLanguage":"tr"}]}},"_links":{"self":[{"href":"https:\/\/ahtapotelektrik.com\/index.php\/wp-json\/wp\/v2\/pages\/2936","targetHints":{"allow":["GET"]}}],"collection":[{"href":"https:\/\/ahtapotelektrik.com\/index.php\/wp-json\/wp\/v2\/pages"}],"about":[{"href":"https:\/\/ahtapotelektrik.com\/index.php\/wp-json\/wp\/v2\/types\/page"}],"author":[{"embeddable":true,"href":"https:\/\/ahtapotelektrik.com\/index.php\/wp-json\/wp\/v2\/users\/1"}],"replies":[{"embeddable":true,"href":"https:\/\/ahtapotelektrik.com\/index.php\/wp-json\/wp\/v2\/comments?post=2936"}],"version-history":[{"count":19,"href":"https:\/\/ahtapotelektrik.com\/index.php\/wp-json\/wp\/v2\/pages\/2936\/revisions"}],"predecessor-version":[{"id":2958,"href":"https:\/\/ahtapotelektrik.com\/index.php\/wp-json\/wp\/v2\/pages\/2936\/revisions\/2958"}],"wp:attachment":[{"href":"https:\/\/ahtapotelektrik.com\/index.php\/wp-json\/wp\/v2\/media?parent=2936"}],"curies":[{"name":"wp","href":"https:\/\/api.w.org\/{rel}","templated":true}]}}