{"id":2959,"date":"2025-12-22T21:58:12","date_gmt":"2025-12-22T21:58:12","guid":{"rendered":"https:\/\/ahtapotelektrik.com\/?page_id=2959"},"modified":"2025-12-22T22:04:02","modified_gmt":"2025-12-22T22:04:02","slug":"gizlilik-politikasi","status":"publish","type":"page","link":"https:\/\/ahtapotelektrik.com\/index.php\/gizlilik-politikasi\/","title":{"rendered":"Gizlilik Politikas\u0131"},"content":{"rendered":"\t\t<div data-elementor-type=\"wp-page\" data-elementor-id=\"2959\" class=\"elementor elementor-2959\">\n\t\t\t\t<div class=\"elementor-element elementor-element-2d88b09e e-flex e-con-boxed e-con e-parent\" data-id=\"2d88b09e\" data-element_type=\"container\" data-e-type=\"container\">\n\t\t\t\t\t<div class=\"e-con-inner\">\n\t\t\t\t<div class=\"elementor-element elementor-element-77fc032a elementor-widget elementor-widget-text-editor\" data-id=\"77fc032a\" data-element_type=\"widget\" data-e-type=\"widget\" data-widget_type=\"text-editor.default\">\n\t\t\t\t\t\t\t\t\t\n<h1><em><strong>G\u0130ZL\u0130L\u0130K POL\u0130T\u0130KASI<\/strong><\/em><\/h1>\n<p><br \/>(Ahtapot Elektrik)<br \/>Bu Gizlilik Politikas\u0131, Ahtapot Elektrik taraf\u0131ndan i\u015fletilen web sitesini ziyaret eden kullan\u0131c\u0131lar\u0131n ki\u015fisel bilgilerinin nas\u0131l topland\u0131\u011f\u0131n\u0131, kullan\u0131ld\u0131\u011f\u0131n\u0131 ve korundu\u011funu a\u00e7\u0131klamak amac\u0131yla haz\u0131rlanm\u0131\u015ft\u0131r.<\/p>\n\n<ol class=\"wp-block-list\">\n<li>Toplanan Ki\u015fisel Veriler<br \/>Web sitemiz \u00fczerinden;<br \/>Ad Soyad<br \/>Telefon numaras\u0131<br \/>E-posta adresi<br \/>Mesaj ve talep i\u00e7erikleri<br \/>ileti\u015fim formlar\u0131 ve ileti\u015fim kanallar\u0131 arac\u0131l\u0131\u011f\u0131yla kullan\u0131c\u0131lar taraf\u0131ndan g\u00f6n\u00fcll\u00fc olarak payla\u015f\u0131lmaktad\u0131r.<\/li>\n\n<li>Ki\u015fisel Verilerin Kullan\u0131m Ama\u00e7lar\u0131<br \/>Toplanan ki\u015fisel veriler yaln\u0131zca;<br \/>Kullan\u0131c\u0131 ile ileti\u015fime ge\u00e7ilmesi<br \/>Talep edilen elektrik hizmetleri hakk\u0131nda bilgi verilmesi<br \/>Ar\u0131za, tesisat ve bak\u0131m taleplerine geri d\u00f6n\u00fc\u015f sa\u011flanmas\u0131<br \/>M\u00fc\u015fteri memnuniyetinin art\u0131r\u0131lmas\u0131<br \/>ama\u00e7lar\u0131yla kullan\u0131lmaktad\u0131r.<\/li>\n\n<li>Ki\u015fisel Verilerin Korunmas\u0131<br \/>Ahtapot Elektrik;<br \/>Ki\u015fisel verilerin gizlili\u011fini korur<br \/>Yetkisiz eri\u015fime kar\u015f\u0131 gerekli teknik ve idari tedbirleri al\u0131r<br \/>Ki\u015fisel verileri \u00fc\u00e7\u00fcnc\u00fc ki\u015filerle kesinlikle payla\u015fmaz<\/li>\n\n<li>\u00dc\u00e7\u00fcnc\u00fc Taraf Ba\u011flant\u0131lar\u0131<br \/>Web sitemiz \u00fc\u00e7\u00fcnc\u00fc taraf web sitelerine ba\u011flant\u0131lar i\u00e7erebilir. Bu sitelerin gizlilik uygulamalar\u0131ndan Ahtapot Elektrik sorumlu de\u011fildir.<\/li>\n\n<li>KVKK Kapsam\u0131ndaki Haklar\u0131n\u0131z<br \/>6698 say\u0131l\u0131 KVKK kapsam\u0131nda kullan\u0131c\u0131lar;<br \/>Ki\u015fisel verilerinin i\u015flenip i\u015flenmedi\u011fini \u00f6\u011frenme<br \/>Yanl\u0131\u015f veya eksik i\u015flenen verilerin d\u00fczeltilmesini talep etme<br \/>Ki\u015fisel verilerin silinmesini veya yok edilmesini isteme<br \/>haklar\u0131na sahiptir.<br \/>Bu haklara ili\u015fkin talepler, ileti\u015fim sayfam\u0131z \u00fczerinden taraf\u0131m\u0131za iletilebilir.<\/li>\n<\/ol>\n\t\t\t\t\t\t\t\t<\/div>\n\t\t\t\t\t<\/div>\n\t\t\t\t<\/div>\n\t\t<div class=\"elementor-element elementor-element-b2e825f e-flex e-con-boxed e-con e-parent\" data-id=\"b2e825f\" data-element_type=\"container\" data-e-type=\"container\">\n\t\t\t\t\t<div class=\"e-con-inner\">\n\t\t\t\t<div class=\"elementor-element elementor-element-49cc609 elementor-widget elementor-widget-elec_action_button\" data-id=\"49cc609\" data-element_type=\"widget\" data-e-type=\"widget\" data-widget_type=\"elec_action_button.default\">\n\t\t\t\t<div class=\"elementor-widget-container\">\n\t\t\t\t\t\t\t\t<a class=\"tt-btn btn__color01 tt-btn-top\"  target=\"_blank\" rel=\"nofollow\" href=\"https:\/\/ahtapotelektrik.com\/\">\r\n\t\t\t\t<span class=\"icon-lightning\"><\/span>\r\n\t\t\t\tANASAYFAYA D\u00d6N\t\t\t<\/a>\r\n\t\t\t\t\t\t\t\t<\/div>\n\t\t\t\t<\/div>\n\t\t\t\t\t<\/div>\n\t\t\t\t<\/div>\n\t\t\t\t<\/div>\n\t\t","protected":false},"excerpt":{"rendered":"<p>G\u0130ZL\u0130L\u0130K POL\u0130T\u0130KASI (Ahtapot Elektrik)Bu Gizlilik Politikas\u0131, Ahtapot Elektrik taraf\u0131ndan i\u015fletilen web sitesini ziyaret eden kullan\u0131c\u0131lar\u0131n ki\u015fisel bilgilerinin nas\u0131l topland\u0131\u011f\u0131n\u0131, kullan\u0131ld\u0131\u011f\u0131n\u0131 ve korundu\u011funu a\u00e7\u0131klamak amac\u0131yla haz\u0131rlanm\u0131\u015ft\u0131r. ANASAYFAYA D\u00d6N<\/p>\n","protected":false},"author":1,"featured_media":0,"parent":0,"menu_order":0,"comment_status":"closed","ping_status":"closed","template":"elementor_canvas","meta":{"footnotes":""},"class_list":["post-2959","page","type-page","status-publish","hentry"],"yoast_head":"<!-- This site is optimized with the Yoast SEO plugin v27.2 - https:\/\/yoast.com\/product\/yoast-seo-wordpress\/ -->\n<title>Gizlilik Politikas\u0131 - AhtapotElektrik<\/title>\n<meta name=\"robots\" content=\"index, follow, max-snippet:-1, max-image-preview:large, max-video-preview:-1\" \/>\n<link rel=\"canonical\" href=\"https:\/\/ahtapotelektrik.com\/index.php\/gizlilik-politikasi\/\" \/>\n<meta property=\"og:locale\" content=\"tr_TR\" \/>\n<meta property=\"og:type\" content=\"article\" \/>\n<meta property=\"og:title\" content=\"Gizlilik Politikas\u0131 - AhtapotElektrik\" \/>\n<meta property=\"og:description\" content=\"G\u0130ZL\u0130L\u0130K POL\u0130T\u0130KASI (Ahtapot Elektrik)Bu Gizlilik Politikas\u0131, Ahtapot Elektrik taraf\u0131ndan i\u015fletilen web sitesini ziyaret eden kullan\u0131c\u0131lar\u0131n ki\u015fisel bilgilerinin nas\u0131l topland\u0131\u011f\u0131n\u0131, kullan\u0131ld\u0131\u011f\u0131n\u0131 ve korundu\u011funu a\u00e7\u0131klamak amac\u0131yla haz\u0131rlanm\u0131\u015ft\u0131r. ANASAYFAYA D\u00d6N\" \/>\n<meta property=\"og:url\" content=\"https:\/\/ahtapotelektrik.com\/index.php\/gizlilik-politikasi\/\" \/>\n<meta property=\"og:site_name\" content=\"AhtapotElektrik\" \/>\n<meta property=\"article:modified_time\" content=\"2025-12-22T22:04:02+00:00\" \/>\n<meta name=\"twitter:card\" content=\"summary_large_image\" \/>\n<meta name=\"twitter:label1\" content=\"Tahmini okuma s\u00fcresi\" \/>\n\t<meta name=\"twitter:data1\" content=\"1 dakika\" \/>\n<script type=\"application\/ld+json\" class=\"yoast-schema-graph\">{\"@context\":\"https:\/\/schema.org\",\"@graph\":[{\"@type\":\"WebPage\",\"@id\":\"https:\/\/ahtapotelektrik.com\/index.php\/gizlilik-politikasi\/\",\"url\":\"https:\/\/ahtapotelektrik.com\/index.php\/gizlilik-politikasi\/\",\"name\":\"Gizlilik Politikas\u0131 - AhtapotElektrik\",\"isPartOf\":{\"@id\":\"https:\/\/ahtapotelektrik.com\/#website\"},\"datePublished\":\"2025-12-22T21:58:12+00:00\",\"dateModified\":\"2025-12-22T22:04:02+00:00\",\"breadcrumb\":{\"@id\":\"https:\/\/ahtapotelektrik.com\/index.php\/gizlilik-politikasi\/#breadcrumb\"},\"inLanguage\":\"tr\",\"potentialAction\":[{\"@type\":\"ReadAction\",\"target\":[\"https:\/\/ahtapotelektrik.com\/index.php\/gizlilik-politikasi\/\"]}]},{\"@type\":\"BreadcrumbList\",\"@id\":\"https:\/\/ahtapotelektrik.com\/index.php\/gizlilik-politikasi\/#breadcrumb\",\"itemListElement\":[{\"@type\":\"ListItem\",\"position\":1,\"name\":\"Anasayfa\",\"item\":\"https:\/\/ahtapotelektrik.com\/\"},{\"@type\":\"ListItem\",\"position\":2,\"name\":\"Gizlilik Politikas\u0131\"}]},{\"@type\":\"WebSite\",\"@id\":\"https:\/\/ahtapotelektrik.com\/#website\",\"url\":\"https:\/\/ahtapotelektrik.com\/\",\"name\":\"AhtapotElektrik\",\"description\":\"Her Koldan Enerjimiz Tam!\",\"potentialAction\":[{\"@type\":\"SearchAction\",\"target\":{\"@type\":\"EntryPoint\",\"urlTemplate\":\"https:\/\/ahtapotelektrik.com\/?s={search_term_string}\"},\"query-input\":{\"@type\":\"PropertyValueSpecification\",\"valueRequired\":true,\"valueName\":\"search_term_string\"}}],\"inLanguage\":\"tr\"}]}<\/script>\n<!-- \/ Yoast SEO plugin. -->","yoast_head_json":{"title":"Gizlilik Politikas\u0131 - AhtapotElektrik","robots":{"index":"index","follow":"follow","max-snippet":"max-snippet:-1","max-image-preview":"max-image-preview:large","max-video-preview":"max-video-preview:-1"},"canonical":"https:\/\/ahtapotelektrik.com\/index.php\/gizlilik-politikasi\/","og_locale":"tr_TR","og_type":"article","og_title":"Gizlilik Politikas\u0131 - AhtapotElektrik","og_description":"G\u0130ZL\u0130L\u0130K POL\u0130T\u0130KASI (Ahtapot Elektrik)Bu Gizlilik Politikas\u0131, Ahtapot Elektrik taraf\u0131ndan i\u015fletilen web sitesini ziyaret eden kullan\u0131c\u0131lar\u0131n ki\u015fisel bilgilerinin nas\u0131l topland\u0131\u011f\u0131n\u0131, kullan\u0131ld\u0131\u011f\u0131n\u0131 ve korundu\u011funu a\u00e7\u0131klamak amac\u0131yla haz\u0131rlanm\u0131\u015ft\u0131r. ANASAYFAYA D\u00d6N","og_url":"https:\/\/ahtapotelektrik.com\/index.php\/gizlilik-politikasi\/","og_site_name":"AhtapotElektrik","article_modified_time":"2025-12-22T22:04:02+00:00","twitter_card":"summary_large_image","twitter_misc":{"Tahmini okuma s\u00fcresi":"1 dakika"},"schema":{"@context":"https:\/\/schema.org","@graph":[{"@type":"WebPage","@id":"https:\/\/ahtapotelektrik.com\/index.php\/gizlilik-politikasi\/","url":"https:\/\/ahtapotelektrik.com\/index.php\/gizlilik-politikasi\/","name":"Gizlilik Politikas\u0131 - AhtapotElektrik","isPartOf":{"@id":"https:\/\/ahtapotelektrik.com\/#website"},"datePublished":"2025-12-22T21:58:12+00:00","dateModified":"2025-12-22T22:04:02+00:00","breadcrumb":{"@id":"https:\/\/ahtapotelektrik.com\/index.php\/gizlilik-politikasi\/#breadcrumb"},"inLanguage":"tr","potentialAction":[{"@type":"ReadAction","target":["https:\/\/ahtapotelektrik.com\/index.php\/gizlilik-politikasi\/"]}]},{"@type":"BreadcrumbList","@id":"https:\/\/ahtapotelektrik.com\/index.php\/gizlilik-politikasi\/#breadcrumb","itemListElement":[{"@type":"ListItem","position":1,"name":"Anasayfa","item":"https:\/\/ahtapotelektrik.com\/"},{"@type":"ListItem","position":2,"name":"Gizlilik Politikas\u0131"}]},{"@type":"WebSite","@id":"https:\/\/ahtapotelektrik.com\/#website","url":"https:\/\/ahtapotelektrik.com\/","name":"AhtapotElektrik","description":"Her Koldan Enerjimiz Tam!","potentialAction":[{"@type":"SearchAction","target":{"@type":"EntryPoint","urlTemplate":"https:\/\/ahtapotelektrik.com\/?s={search_term_string}"},"query-input":{"@type":"PropertyValueSpecification","valueRequired":true,"valueName":"search_term_string"}}],"inLanguage":"tr"}]}},"_links":{"self":[{"href":"https:\/\/ahtapotelektrik.com\/index.php\/wp-json\/wp\/v2\/pages\/2959","targetHints":{"allow":["GET"]}}],"collection":[{"href":"https:\/\/ahtapotelektrik.com\/index.php\/wp-json\/wp\/v2\/pages"}],"about":[{"href":"https:\/\/ahtapotelektrik.com\/index.php\/wp-json\/wp\/v2\/types\/page"}],"author":[{"embeddable":true,"href":"https:\/\/ahtapotelektrik.com\/index.php\/wp-json\/wp\/v2\/users\/1"}],"replies":[{"embeddable":true,"href":"https:\/\/ahtapotelektrik.com\/index.php\/wp-json\/wp\/v2\/comments?post=2959"}],"version-history":[{"count":10,"href":"https:\/\/ahtapotelektrik.com\/index.php\/wp-json\/wp\/v2\/pages\/2959\/revisions"}],"predecessor-version":[{"id":2970,"href":"https:\/\/ahtapotelektrik.com\/index.php\/wp-json\/wp\/v2\/pages\/2959\/revisions\/2970"}],"wp:attachment":[{"href":"https:\/\/ahtapotelektrik.com\/index.php\/wp-json\/wp\/v2\/media?parent=2959"}],"curies":[{"name":"wp","href":"https:\/\/api.w.org\/{rel}","templated":true}]}}