{"id":2972,"date":"2025-12-22T22:12:29","date_gmt":"2025-12-22T22:12:29","guid":{"rendered":"https:\/\/ahtapotelektrik.com\/?page_id=2972"},"modified":"2025-12-23T00:37:21","modified_gmt":"2025-12-23T00:37:21","slug":"cerez-politikasi","status":"publish","type":"page","link":"https:\/\/ahtapotelektrik.com\/index.php\/cerez-politikasi\/","title":{"rendered":"\u00c7erez (Cookie) Politikas\u0131"},"content":{"rendered":"\t\t<div data-elementor-type=\"wp-page\" data-elementor-id=\"2972\" class=\"elementor elementor-2972\">\n\t\t\t\t<div class=\"elementor-element elementor-element-72406d53 e-flex e-con-boxed e-con e-parent\" data-id=\"72406d53\" data-element_type=\"container\" data-e-type=\"container\">\n\t\t\t\t\t<div class=\"e-con-inner\">\n\t\t\t\t<div class=\"elementor-element elementor-element-5ad7338c elementor-widget elementor-widget-text-editor\" data-id=\"5ad7338c\" data-element_type=\"widget\" data-e-type=\"widget\" data-widget_type=\"text-editor.default\">\n\t\t\t\t\t\t\t\t\t\n<p>\u00c7EREZ (COOKIE) POL\u0130T\u0130KASI<br>(Ahtapot Elektrik)<br>Bu \u00c7erez Politikas\u0131, Ahtapot Elektrik web sitesini ziyaret eden kullan\u0131c\u0131lar\u0131n \u00e7erezler hakk\u0131nda bilgilendirilmesi amac\u0131yla haz\u0131rlanm\u0131\u015ft\u0131r.<\/p>\n\n\n\n<ol class=\"wp-block-list\">\n<li>\u00c7erez (Cookie) Nedir?<br>\u00c7erezler, ziyaret etti\u011finiz web siteleri taraf\u0131ndan taray\u0131c\u0131n\u0131z arac\u0131l\u0131\u011f\u0131yla cihaz\u0131n\u0131za kaydedilen k\u00fc\u00e7\u00fck metin dosyalar\u0131d\u0131r.<\/li>\n\n\n\n<li>Kullan\u0131lan \u00c7erez T\u00fcrleri<br>Web sitemizde a\u015fa\u011f\u0131daki \u00e7erez t\u00fcrleri kullan\u0131labilir:<br>Zorunlu \u00c7erezler:<br>Web sitesinin d\u00fczg\u00fcn \u00e7al\u0131\u015fabilmesi i\u00e7in gereklidir.<br>Analitik \u00c7erezler:<br>Site performans\u0131n\u0131 analiz ederek kullan\u0131c\u0131 deneyimini geli\u015ftirmek amac\u0131yla kullan\u0131l\u0131r.<\/li>\n\n\n\n<li>\u00c7erezlerin Kullan\u0131m Ama\u00e7lar\u0131<br>\u00c7erezler;<br>Site i\u015flevselli\u011fini sa\u011flamak<br>Kullan\u0131c\u0131 deneyimini geli\u015ftirmek<br>Site trafi\u011fini analiz etmek<br>ama\u00e7lar\u0131yla kullan\u0131lmaktad\u0131r.<\/li>\n\n\n\n<li>\u00c7erezlerin Kontrol\u00fc<br>Kullan\u0131c\u0131lar, taray\u0131c\u0131 ayarlar\u0131 \u00fczerinden \u00e7erezleri kabul edebilir, reddedebilir veya silebilir. \u00c7erezlerin devre d\u0131\u015f\u0131 b\u0131rak\u0131lmas\u0131 durumunda web sitesinin baz\u0131 b\u00f6l\u00fcmleri d\u00fczg\u00fcn \u00e7al\u0131\u015fmayabilir.<\/li>\n<\/ol>\n\t\t\t\t\t\t\t\t<\/div>\n\t\t\t\t\t<\/div>\n\t\t\t\t<\/div>\n\t\t<div class=\"elementor-element elementor-element-bafdb4b e-flex e-con-boxed e-con e-parent\" data-id=\"bafdb4b\" data-element_type=\"container\" data-e-type=\"container\">\n\t\t\t\t\t<div class=\"e-con-inner\">\n\t\t\t\t<div class=\"elementor-element elementor-element-7ae4f43 elementor-widget elementor-widget-elec_action_button\" data-id=\"7ae4f43\" data-element_type=\"widget\" data-e-type=\"widget\" data-widget_type=\"elec_action_button.default\">\n\t\t\t\t<div class=\"elementor-widget-container\">\n\t\t\t\t\t\t\t\t<a class=\"tt-btn btn__color01 tt-btn-top\"  target=\"_blank\" rel=\"nofollow\" href=\"https:\/\/ahtapotelektrik.com\/\">\r\n\t\t\t\t<span class=\"icon-lightning\"><\/span>\r\n\t\t\t\tANASAYFAYA D\u00d6N\t\t\t<\/a>\r\n\t\t\t\t\t\t\t\t<\/div>\n\t\t\t\t<\/div>\n\t\t\t\t\t<\/div>\n\t\t\t\t<\/div>\n\t\t\t\t<\/div>\n\t\t","protected":false},"excerpt":{"rendered":"<p>\u00c7EREZ (COOKIE) POL\u0130T\u0130KASI(Ahtapot Elektrik)Bu \u00c7erez Politikas\u0131, Ahtapot Elektrik web sitesini ziyaret eden kullan\u0131c\u0131lar\u0131n \u00e7erezler hakk\u0131nda bilgilendirilmesi amac\u0131yla haz\u0131rlanm\u0131\u015ft\u0131r. ANASAYFAYA D\u00d6N<\/p>\n","protected":false},"author":1,"featured_media":0,"parent":0,"menu_order":0,"comment_status":"closed","ping_status":"closed","template":"elementor_canvas","meta":{"footnotes":""},"class_list":["post-2972","page","type-page","status-publish","hentry"],"yoast_head":"<!-- This site is optimized with the Yoast SEO plugin v27.2 - https:\/\/yoast.com\/product\/yoast-seo-wordpress\/ -->\n<title>\u00c7erez (Cookie) Politikas\u0131 - AhtapotElektrik<\/title>\n<meta name=\"robots\" content=\"index, follow, max-snippet:-1, max-image-preview:large, max-video-preview:-1\" \/>\n<link rel=\"canonical\" href=\"https:\/\/ahtapotelektrik.com\/index.php\/cerez-politikasi\/\" \/>\n<meta property=\"og:locale\" content=\"tr_TR\" \/>\n<meta property=\"og:type\" content=\"article\" \/>\n<meta property=\"og:title\" content=\"\u00c7erez (Cookie) Politikas\u0131 - AhtapotElektrik\" \/>\n<meta property=\"og:description\" content=\"\u00c7EREZ (COOKIE) POL\u0130T\u0130KASI(Ahtapot Elektrik)Bu \u00c7erez Politikas\u0131, Ahtapot Elektrik web sitesini ziyaret eden kullan\u0131c\u0131lar\u0131n \u00e7erezler hakk\u0131nda bilgilendirilmesi amac\u0131yla haz\u0131rlanm\u0131\u015ft\u0131r. ANASAYFAYA D\u00d6N\" \/>\n<meta property=\"og:url\" content=\"https:\/\/ahtapotelektrik.com\/index.php\/cerez-politikasi\/\" \/>\n<meta property=\"og:site_name\" content=\"AhtapotElektrik\" \/>\n<meta property=\"article:modified_time\" content=\"2025-12-23T00:37:21+00:00\" \/>\n<meta name=\"twitter:card\" content=\"summary_large_image\" \/>\n<meta name=\"twitter:label1\" content=\"Tahmini okuma s\u00fcresi\" \/>\n\t<meta name=\"twitter:data1\" content=\"1 dakika\" \/>\n<script type=\"application\/ld+json\" class=\"yoast-schema-graph\">{\"@context\":\"https:\/\/schema.org\",\"@graph\":[{\"@type\":\"WebPage\",\"@id\":\"https:\/\/ahtapotelektrik.com\/index.php\/cerez-politikasi\/\",\"url\":\"https:\/\/ahtapotelektrik.com\/index.php\/cerez-politikasi\/\",\"name\":\"\u00c7erez (Cookie) Politikas\u0131 - AhtapotElektrik\",\"isPartOf\":{\"@id\":\"https:\/\/ahtapotelektrik.com\/#website\"},\"datePublished\":\"2025-12-22T22:12:29+00:00\",\"dateModified\":\"2025-12-23T00:37:21+00:00\",\"breadcrumb\":{\"@id\":\"https:\/\/ahtapotelektrik.com\/index.php\/cerez-politikasi\/#breadcrumb\"},\"inLanguage\":\"tr\",\"potentialAction\":[{\"@type\":\"ReadAction\",\"target\":[\"https:\/\/ahtapotelektrik.com\/index.php\/cerez-politikasi\/\"]}]},{\"@type\":\"BreadcrumbList\",\"@id\":\"https:\/\/ahtapotelektrik.com\/index.php\/cerez-politikasi\/#breadcrumb\",\"itemListElement\":[{\"@type\":\"ListItem\",\"position\":1,\"name\":\"Anasayfa\",\"item\":\"https:\/\/ahtapotelektrik.com\/\"},{\"@type\":\"ListItem\",\"position\":2,\"name\":\"\u00c7erez (Cookie) Politikas\u0131\"}]},{\"@type\":\"WebSite\",\"@id\":\"https:\/\/ahtapotelektrik.com\/#website\",\"url\":\"https:\/\/ahtapotelektrik.com\/\",\"name\":\"AhtapotElektrik\",\"description\":\"Her Koldan Enerjimiz Tam!\",\"potentialAction\":[{\"@type\":\"SearchAction\",\"target\":{\"@type\":\"EntryPoint\",\"urlTemplate\":\"https:\/\/ahtapotelektrik.com\/?s={search_term_string}\"},\"query-input\":{\"@type\":\"PropertyValueSpecification\",\"valueRequired\":true,\"valueName\":\"search_term_string\"}}],\"inLanguage\":\"tr\"}]}<\/script>\n<!-- \/ Yoast SEO plugin. -->","yoast_head_json":{"title":"\u00c7erez (Cookie) Politikas\u0131 - AhtapotElektrik","robots":{"index":"index","follow":"follow","max-snippet":"max-snippet:-1","max-image-preview":"max-image-preview:large","max-video-preview":"max-video-preview:-1"},"canonical":"https:\/\/ahtapotelektrik.com\/index.php\/cerez-politikasi\/","og_locale":"tr_TR","og_type":"article","og_title":"\u00c7erez (Cookie) Politikas\u0131 - AhtapotElektrik","og_description":"\u00c7EREZ (COOKIE) POL\u0130T\u0130KASI(Ahtapot Elektrik)Bu \u00c7erez Politikas\u0131, Ahtapot Elektrik web sitesini ziyaret eden kullan\u0131c\u0131lar\u0131n \u00e7erezler hakk\u0131nda bilgilendirilmesi amac\u0131yla haz\u0131rlanm\u0131\u015ft\u0131r. ANASAYFAYA D\u00d6N","og_url":"https:\/\/ahtapotelektrik.com\/index.php\/cerez-politikasi\/","og_site_name":"AhtapotElektrik","article_modified_time":"2025-12-23T00:37:21+00:00","twitter_card":"summary_large_image","twitter_misc":{"Tahmini okuma s\u00fcresi":"1 dakika"},"schema":{"@context":"https:\/\/schema.org","@graph":[{"@type":"WebPage","@id":"https:\/\/ahtapotelektrik.com\/index.php\/cerez-politikasi\/","url":"https:\/\/ahtapotelektrik.com\/index.php\/cerez-politikasi\/","name":"\u00c7erez (Cookie) Politikas\u0131 - AhtapotElektrik","isPartOf":{"@id":"https:\/\/ahtapotelektrik.com\/#website"},"datePublished":"2025-12-22T22:12:29+00:00","dateModified":"2025-12-23T00:37:21+00:00","breadcrumb":{"@id":"https:\/\/ahtapotelektrik.com\/index.php\/cerez-politikasi\/#breadcrumb"},"inLanguage":"tr","potentialAction":[{"@type":"ReadAction","target":["https:\/\/ahtapotelektrik.com\/index.php\/cerez-politikasi\/"]}]},{"@type":"BreadcrumbList","@id":"https:\/\/ahtapotelektrik.com\/index.php\/cerez-politikasi\/#breadcrumb","itemListElement":[{"@type":"ListItem","position":1,"name":"Anasayfa","item":"https:\/\/ahtapotelektrik.com\/"},{"@type":"ListItem","position":2,"name":"\u00c7erez (Cookie) Politikas\u0131"}]},{"@type":"WebSite","@id":"https:\/\/ahtapotelektrik.com\/#website","url":"https:\/\/ahtapotelektrik.com\/","name":"AhtapotElektrik","description":"Her Koldan Enerjimiz Tam!","potentialAction":[{"@type":"SearchAction","target":{"@type":"EntryPoint","urlTemplate":"https:\/\/ahtapotelektrik.com\/?s={search_term_string}"},"query-input":{"@type":"PropertyValueSpecification","valueRequired":true,"valueName":"search_term_string"}}],"inLanguage":"tr"}]}},"_links":{"self":[{"href":"https:\/\/ahtapotelektrik.com\/index.php\/wp-json\/wp\/v2\/pages\/2972","targetHints":{"allow":["GET"]}}],"collection":[{"href":"https:\/\/ahtapotelektrik.com\/index.php\/wp-json\/wp\/v2\/pages"}],"about":[{"href":"https:\/\/ahtapotelektrik.com\/index.php\/wp-json\/wp\/v2\/types\/page"}],"author":[{"embeddable":true,"href":"https:\/\/ahtapotelektrik.com\/index.php\/wp-json\/wp\/v2\/users\/1"}],"replies":[{"embeddable":true,"href":"https:\/\/ahtapotelektrik.com\/index.php\/wp-json\/wp\/v2\/comments?post=2972"}],"version-history":[{"count":4,"href":"https:\/\/ahtapotelektrik.com\/index.php\/wp-json\/wp\/v2\/pages\/2972\/revisions"}],"predecessor-version":[{"id":2990,"href":"https:\/\/ahtapotelektrik.com\/index.php\/wp-json\/wp\/v2\/pages\/2972\/revisions\/2990"}],"wp:attachment":[{"href":"https:\/\/ahtapotelektrik.com\/index.php\/wp-json\/wp\/v2\/media?parent=2972"}],"curies":[{"name":"wp","href":"https:\/\/api.w.org\/{rel}","templated":true}]}}